{"id":3257,"date":"2024-06-10T11:09:10","date_gmt":"2024-06-10T15:09:10","guid":{"rendered":"https:\/\/www.clinicdrbita.com\/locations\/"},"modified":"2024-10-03T09:48:15","modified_gmt":"2024-10-03T13:48:15","slug":"locations","status":"publish","type":"page","link":"https:\/\/www.clinicdrbita.com\/fr\/locations\/","title":{"rendered":"Nos emplacements"},"content":{"rendered":"\t\t<div data-elementor-type=\"wp-page\" data-elementor-id=\"3257\" class=\"elementor elementor-3257 elementor-31\" data-elementor-post-type=\"page\">\n\t\t\t\t<section class=\"elementor-element elementor-element-5317dde8 e-con-full e-flex e-con e-parent\" data-id=\"5317dde8\" data-element_type=\"container\">\n\t\t\t\t<div class=\"elementor-element elementor-element-7c5ccc09 elementor-widget elementor-widget-shortcode\" data-id=\"7c5ccc09\" data-element_type=\"widget\" data-widget_type=\"shortcode.default\">\n\t\t\t\t<div class=\"elementor-widget-container\">\n\t\t\t\t\t\t\t<div class=\"elementor-shortcode\">\n<div class=\"google_map_container\">\n    <div class=\"map_heading_container\">\n        <div class=\"content_column\">\n                            <h2>Quatre cliniques dans la r\u00e9gion m\u00e9tropolitaine de Montr\u00e9al + en ligne<\/h2>\n              \n            <div class=\"description_col\">\n                <p>Choisissez l&rsquo;endroit qui vous convient le mieux, ou commencez par une s\u00e9ance en ligne et passez \u00e0 une s\u00e9ance en personne plus tard.<\/p>\n<p>Vous ne savez pas quel emplacement vous convient le mieux\u00a0? R\u00e9servez un appel d&rsquo;information pour explorer vos options.<\/p>\n            <\/div> \n        <\/div>\n        <div class=\"map_search_column\">\n            <div class=\"search_inner_col\">\n                                    <span>Localisateur<\/span>\n                                <input id=\"address\" class=\"controls\" type=\"text\"placeholder=\"Saisissez le nom de la rue ou l'adresse\">\n                <input type=\"hidden\" id=\"currentCity\" value=\"\">\n            <\/div>\n        <\/div>\n    <\/div>\n    <div class=\"map-wrap\">\n        <div id=\"map-canvas\"><\/div>\n        <div>\n            <div id=\"map-location\" class=\"map-location\">\n\n                                                    \n                    <div class=\"location\">\n                        <div class=\"clinic_name\">\n                            <span> Clinic Dr. Bita <\/span>\n                        <\/div>\n                        <div class=\"location_info\">\n                            <div class=\"address_col\">\n                                <h4>Psychologues de Westmount<\/h4>\n                                <p class=\"rest_address\">1255 Avenue Greene #410,\u00a0Westmount,\u00a0QC,\u00a0H3Z 2A4<\/p>\n                            <\/div>\n                            <div class=\"location_url_col\">\n                                <a class=\"loc_url\" href=\"https:\/\/www.clinicdrbita.com\/fr\/locations\/westmount-psychologists\/\">\n                                    <span>Prendre rendez-vous.<\/span>\n                                <\/a>\n                            <\/div>\n                        <\/div>\n                        \n                                            <\/div>\n                                                    \n                    <div class=\"location\">\n                        <div class=\"clinic_name\">\n                            <span> Clinic Dr. Bita <\/span>\n                        <\/div>\n                        <div class=\"location_info\">\n                            <div class=\"address_col\">\n                                <h4>Psychologues de Laval<\/h4>\n                                <p class=\"rest_address\">2550 Bd Daniel-Johnson #400, Laval, QC H7T 2L1, Canada<\/p>\n                            <\/div>\n                            <div class=\"location_url_col\">\n                                <a class=\"loc_url\" href=\"https:\/\/www.clinicdrbita.com\/fr\/locations\/laval-psychologists\/\">\n                                    <span>Prendre rendez-vous.<\/span>\n                                <\/a>\n                            <\/div>\n                        <\/div>\n                        \n                                            <\/div>\n                                                    \n                    <div class=\"location\">\n                        <div class=\"clinic_name\">\n                            <span> Clinic Dr. Bita <\/span>\n                        <\/div>\n                        <div class=\"location_info\">\n                            <div class=\"address_col\">\n                                <h4>Psychologues de Pointe-Claire<\/h4>\n                                <p class=\"rest_address\">6500 Trans-Canada Hwy #484, Pointe-Claire, Quebec H9R 0A5, Canada<\/p>\n                            <\/div>\n                            <div class=\"location_url_col\">\n                                <a class=\"loc_url\" href=\"https:\/\/www.clinicdrbita.com\/fr\/locations\/pointe-claire-psychologists\/\">\n                                    <span>Prendre rendez-vous.<\/span>\n                                <\/a>\n                            <\/div>\n                        <\/div>\n                        \n                                            <\/div>\n                                                    \n                    <div class=\"location\">\n                        <div class=\"clinic_name\">\n                            <span> Clinic Dr. Bita <\/span>\n                        <\/div>\n                        <div class=\"location_info\">\n                            <div class=\"address_col\">\n                                <h4>Psychologues de Brossard<\/h4>\n                                <p class=\"rest_address\">4605 Boul. Lapini\u00e8re Porte B, suite 350, Brossard, QC J4Z 3T5, Canada<\/p>\n                            <\/div>\n                            <div class=\"location_url_col\">\n                                <a class=\"loc_url\" href=\"https:\/\/www.clinicdrbita.com\/fr\/locations\/brossard-psychologists\/\">\n                                    <span>Prendre rendez-vous.<\/span>\n                                <\/a>\n                            <\/div>\n                        <\/div>\n                        \n                                            <\/div>\n                            <\/div>\n\n            <input id=\"info_phone_label\" type=\"hidden\" value=\"Num\u00e9ro de t\u00e9l\u00e9phone\">\n            <input id=\"info_hours_label\" type=\"hidden\" value=\"Heures d'ouverture\">\n            \n            <input type=\"hidden\" id=\"locations_latLng\"\n                    data-value = '[3248,3250,3252,3254]'\n                    value='[{\"lat\":\"45.4868639\",\"lng\":\"-73.5890034\"},{\"lat\":\"45.5673926\",\"lng\":\"-73.7562856\"},{\"lat\":\"45.4688628\",\"lng\":\"-73.8151098\"},{\"lat\":\"45.4519375\",\"lng\":\"-73.4289375\"}]'>\n            <input type=\"hidden\" id=\"locations_content\"\n                    value='[{\"title\":\"Psychologues de Westmount\",\"content\":\"1255 Avenue Greene #410,\\u00a0Westmount,\\u00a0QC,\\u00a0H3Z 2A4\",\"postUrl\":\"https:\\\/\\\/www.clinicdrbita.com\\\/fr\\\/locations\\\/westmount-psychologists\\\/\",\"loc_hours\":\"<ul>\\n<li>Sun &#8211; Wed 10am \\u2013 10pm<\\\/li>\\n<li>Thur \\u2013 Sat 10am \\u2013 12am<\\\/li>\\n<\\\/ul>\\n\",\"location_telephone\":\"+15149992482\"},{\"title\":\"Psychologues de Laval\",\"content\":\"2550 Bd Daniel-Johnson #400, Laval, QC H7T 2L1, Canada\",\"postUrl\":\"https:\\\/\\\/www.clinicdrbita.com\\\/fr\\\/locations\\\/laval-psychologists\\\/\",\"loc_hours\":\"<ul>\\n<li>Sun &#8211; Wed 10am \\u2013 11pm<\\\/li>\\n<li>Thur \\u2013 Sat 10am \\u2013 12am<\\\/li>\\n<\\\/ul>\\n\",\"location_telephone\":\"1-855-382-2482\"},{\"title\":\"Psychologues de Pointe-Claire\",\"content\":\"6500 Trans-Canada Hwy #484, Pointe-Claire, Quebec H9R 0A5, Canada\",\"postUrl\":\"https:\\\/\\\/www.clinicdrbita.com\\\/fr\\\/locations\\\/pointe-claire-psychologists\\\/\",\"loc_hours\":\"\",\"location_telephone\":\" 1-855-382-2482\"},{\"title\":\"Psychologues de Brossard\",\"content\":\"4605 Boul. Lapini\\u00e8re Porte B, suite 350, Brossard, QC J4Z 3T5, Canada\",\"postUrl\":\"https:\\\/\\\/www.clinicdrbita.com\\\/fr\\\/locations\\\/brossard-psychologists\\\/\",\"loc_hours\":\"\",\"location_telephone\":\"1-855-382-2482\"}]'>\n        <\/div>\n    <\/div>\n<\/div>\n<script\n        src=\"https:\/\/maps.googleapis.com\/maps\/api\/js?key=AIzaSyBDKaNFh8rLMmU-xUfjM-sL2kOM0Ncsyvo&callback=initialize&libraries=places&v=weekly\"\n        defer\n><\/script>\n<\/div>\n\t\t\t\t\t\t<\/div>\n\t\t\t\t<\/div>\n\t\t\t\t<\/section>\n\t\t\t\t<\/div>\n\t\t","protected":false},"excerpt":{"rendered":"","protected":false},"author":1,"featured_media":0,"parent":0,"menu_order":31,"comment_status":"closed","ping_status":"closed","template":"","meta":{"_acf_changed":false,"footnotes":""},"class_list":["post-3257","page","type-page","status-publish","hentry"],"acf":[],"yoast_head":"<!-- This site is optimized with the Yoast SEO plugin v25.0 - https:\/\/yoast.com\/wordpress\/plugins\/seo\/ -->\n<title>Emplacements au Qu\u00e9bec, Canada | Clinique Dr Bita<\/title>\n<meta name=\"description\" content=\"Services professionnels de sant\u00e9 mentale dans des endroits pr\u00e8s de chez vous. Trouvez des cliniques de psychologie de la Clinique Dr. Bita pr\u00e8s de chez vous.\" \/>\n<meta name=\"robots\" content=\"index, follow, max-snippet:-1, max-image-preview:large, max-video-preview:-1\" \/>\n<link rel=\"canonical\" href=\"https:\/\/www.clinicdrbita.com\/fr\/locations\/\" \/>\n<meta property=\"og:locale\" content=\"fr_FR\" \/>\n<meta property=\"og:type\" content=\"article\" \/>\n<meta property=\"og:title\" content=\"Emplacements au Qu\u00e9bec, Canada | Clinique Dr Bita\" \/>\n<meta property=\"og:description\" content=\"Services professionnels de sant\u00e9 mentale dans des endroits pr\u00e8s de chez vous. Trouvez des cliniques de psychologie de la Clinique Dr. Bita pr\u00e8s de chez vous.\" \/>\n<meta property=\"og:url\" content=\"https:\/\/www.clinicdrbita.com\/fr\/locations\/\" \/>\n<meta property=\"og:site_name\" content=\"Clinic Dr Bita\" \/>\n<meta property=\"article:publisher\" content=\"https:\/\/www.facebook.com\/ClinicDrBita\/\" \/>\n<meta property=\"article:modified_time\" content=\"2024-10-03T13:48:15+00:00\" \/>\n<meta property=\"og:image\" content=\"https:\/\/www.clinicdrbita.com\/wp-content\/uploads\/2024\/12\/454575122_835452175444028_2305386231921421344_n.jpg\" \/>\n\t<meta property=\"og:image:width\" content=\"1563\" \/>\n\t<meta property=\"og:image:height\" content=\"1563\" \/>\n\t<meta property=\"og:image:type\" content=\"image\/jpeg\" \/>\n<meta name=\"twitter:card\" content=\"summary_large_image\" \/>\n<meta name=\"twitter:site\" content=\"@ClinicDrBita\" \/>\n<meta name=\"twitter:label1\" content=\"Dur\u00e9e de lecture estim\u00e9e\" \/>\n\t<meta name=\"twitter:data1\" content=\"1 minute\" \/>\n<script type=\"application\/ld+json\" class=\"yoast-schema-graph\">{\"@context\":\"https:\/\/schema.org\",\"@graph\":[{\"@type\":\"WebPage\",\"@id\":\"https:\/\/www.clinicdrbita.com\/fr\/locations\/\",\"url\":\"https:\/\/www.clinicdrbita.com\/fr\/locations\/\",\"name\":\"Emplacements au Qu\u00e9bec, Canada | Clinique Dr Bita\",\"isPartOf\":{\"@id\":\"https:\/\/www.clinicdrbita.com\/#website\"},\"datePublished\":\"2024-06-10T15:09:10+00:00\",\"dateModified\":\"2024-10-03T13:48:15+00:00\",\"description\":\"Services professionnels de sant\u00e9 mentale dans des endroits pr\u00e8s de chez vous. Trouvez des cliniques de psychologie de la Clinique Dr. Bita pr\u00e8s de chez vous.\",\"breadcrumb\":{\"@id\":\"https:\/\/www.clinicdrbita.com\/fr\/locations\/#breadcrumb\"},\"inLanguage\":\"fr-FR\",\"potentialAction\":[{\"@type\":\"ReadAction\",\"target\":[\"https:\/\/www.clinicdrbita.com\/fr\/locations\/\"]}]},{\"@type\":\"BreadcrumbList\",\"@id\":\"https:\/\/www.clinicdrbita.com\/fr\/locations\/#breadcrumb\",\"itemListElement\":[{\"@type\":\"ListItem\",\"position\":1,\"name\":\"Home\",\"item\":\"https:\/\/www.clinicdrbita.com\/fr\/\"},{\"@type\":\"ListItem\",\"position\":2,\"name\":\"Nos emplacements\"}]},{\"@type\":\"WebSite\",\"@id\":\"https:\/\/www.clinicdrbita.com\/#website\",\"url\":\"https:\/\/www.clinicdrbita.com\/\",\"name\":\"Clinic Dr Bita\",\"description\":\"Compassionate and personalized mental health support\",\"publisher\":{\"@id\":\"https:\/\/www.clinicdrbita.com\/#organization\"},\"alternateName\":\"Clinic Dr Bita Psychologists\",\"potentialAction\":[{\"@type\":\"SearchAction\",\"target\":{\"@type\":\"EntryPoint\",\"urlTemplate\":\"https:\/\/www.clinicdrbita.com\/?s={search_term_string}\"},\"query-input\":{\"@type\":\"PropertyValueSpecification\",\"valueRequired\":true,\"valueName\":\"search_term_string\"}}],\"inLanguage\":\"fr-FR\"},{\"@type\":\"Organization\",\"@id\":\"https:\/\/www.clinicdrbita.com\/#organization\",\"name\":\"Clinic Dr Bita\",\"alternateName\":\"Clinic Dr Bita Psychologists\",\"url\":\"https:\/\/www.clinicdrbita.com\/\",\"logo\":{\"@type\":\"ImageObject\",\"inLanguage\":\"fr-FR\",\"@id\":\"https:\/\/www.clinicdrbita.com\/#\/schema\/logo\/image\/\",\"url\":\"https:\/\/www.clinicdrbita.com\/wp-content\/uploads\/2024\/08\/favicon.png\",\"contentUrl\":\"https:\/\/www.clinicdrbita.com\/wp-content\/uploads\/2024\/08\/favicon.png\",\"width\":100,\"height\":100,\"caption\":\"Clinic Dr Bita\"},\"image\":{\"@id\":\"https:\/\/www.clinicdrbita.com\/#\/schema\/logo\/image\/\"},\"sameAs\":[\"https:\/\/www.facebook.com\/ClinicDrBita\/\",\"https:\/\/x.com\/ClinicDrBita\"]}]}<\/script>\n<!-- \/ Yoast SEO plugin. -->","yoast_head_json":{"title":"Emplacements au Qu\u00e9bec, Canada | Clinique Dr Bita","description":"Services professionnels de sant\u00e9 mentale dans des endroits pr\u00e8s de chez vous. Trouvez des cliniques de psychologie de la Clinique Dr. Bita pr\u00e8s de chez vous.","robots":{"index":"index","follow":"follow","max-snippet":"max-snippet:-1","max-image-preview":"max-image-preview:large","max-video-preview":"max-video-preview:-1"},"canonical":"https:\/\/www.clinicdrbita.com\/fr\/locations\/","og_locale":"fr_FR","og_type":"article","og_title":"Emplacements au Qu\u00e9bec, Canada | Clinique Dr Bita","og_description":"Services professionnels de sant\u00e9 mentale dans des endroits pr\u00e8s de chez vous. Trouvez des cliniques de psychologie de la Clinique Dr. Bita pr\u00e8s de chez vous.","og_url":"https:\/\/www.clinicdrbita.com\/fr\/locations\/","og_site_name":"Clinic Dr Bita","article_publisher":"https:\/\/www.facebook.com\/ClinicDrBita\/","article_modified_time":"2024-10-03T13:48:15+00:00","og_image":[{"width":1563,"height":1563,"url":"https:\/\/www.clinicdrbita.com\/wp-content\/uploads\/2024\/12\/454575122_835452175444028_2305386231921421344_n.jpg","type":"image\/jpeg"}],"twitter_card":"summary_large_image","twitter_site":"@ClinicDrBita","twitter_misc":{"Dur\u00e9e de lecture estim\u00e9e":"1 minute"},"schema":{"@context":"https:\/\/schema.org","@graph":[{"@type":"WebPage","@id":"https:\/\/www.clinicdrbita.com\/fr\/locations\/","url":"https:\/\/www.clinicdrbita.com\/fr\/locations\/","name":"Emplacements au Qu\u00e9bec, Canada | Clinique Dr Bita","isPartOf":{"@id":"https:\/\/www.clinicdrbita.com\/#website"},"datePublished":"2024-06-10T15:09:10+00:00","dateModified":"2024-10-03T13:48:15+00:00","description":"Services professionnels de sant\u00e9 mentale dans des endroits pr\u00e8s de chez vous. Trouvez des cliniques de psychologie de la Clinique Dr. Bita pr\u00e8s de chez vous.","breadcrumb":{"@id":"https:\/\/www.clinicdrbita.com\/fr\/locations\/#breadcrumb"},"inLanguage":"fr-FR","potentialAction":[{"@type":"ReadAction","target":["https:\/\/www.clinicdrbita.com\/fr\/locations\/"]}]},{"@type":"BreadcrumbList","@id":"https:\/\/www.clinicdrbita.com\/fr\/locations\/#breadcrumb","itemListElement":[{"@type":"ListItem","position":1,"name":"Home","item":"https:\/\/www.clinicdrbita.com\/fr\/"},{"@type":"ListItem","position":2,"name":"Nos emplacements"}]},{"@type":"WebSite","@id":"https:\/\/www.clinicdrbita.com\/#website","url":"https:\/\/www.clinicdrbita.com\/","name":"Clinic Dr Bita","description":"Compassionate and personalized mental health support","publisher":{"@id":"https:\/\/www.clinicdrbita.com\/#organization"},"alternateName":"Clinic Dr Bita Psychologists","potentialAction":[{"@type":"SearchAction","target":{"@type":"EntryPoint","urlTemplate":"https:\/\/www.clinicdrbita.com\/?s={search_term_string}"},"query-input":{"@type":"PropertyValueSpecification","valueRequired":true,"valueName":"search_term_string"}}],"inLanguage":"fr-FR"},{"@type":"Organization","@id":"https:\/\/www.clinicdrbita.com\/#organization","name":"Clinic Dr Bita","alternateName":"Clinic Dr Bita Psychologists","url":"https:\/\/www.clinicdrbita.com\/","logo":{"@type":"ImageObject","inLanguage":"fr-FR","@id":"https:\/\/www.clinicdrbita.com\/#\/schema\/logo\/image\/","url":"https:\/\/www.clinicdrbita.com\/wp-content\/uploads\/2024\/08\/favicon.png","contentUrl":"https:\/\/www.clinicdrbita.com\/wp-content\/uploads\/2024\/08\/favicon.png","width":100,"height":100,"caption":"Clinic Dr Bita"},"image":{"@id":"https:\/\/www.clinicdrbita.com\/#\/schema\/logo\/image\/"},"sameAs":["https:\/\/www.facebook.com\/ClinicDrBita\/","https:\/\/x.com\/ClinicDrBita"]}]}},"_links":{"self":[{"href":"https:\/\/www.clinicdrbita.com\/fr\/wp-json\/wp\/v2\/pages\/3257","targetHints":{"allow":["GET"]}}],"collection":[{"href":"https:\/\/www.clinicdrbita.com\/fr\/wp-json\/wp\/v2\/pages"}],"about":[{"href":"https:\/\/www.clinicdrbita.com\/fr\/wp-json\/wp\/v2\/types\/page"}],"author":[{"embeddable":true,"href":"https:\/\/www.clinicdrbita.com\/fr\/wp-json\/wp\/v2\/users\/1"}],"replies":[{"embeddable":true,"href":"https:\/\/www.clinicdrbita.com\/fr\/wp-json\/wp\/v2\/comments?post=3257"}],"version-history":[{"count":9,"href":"https:\/\/www.clinicdrbita.com\/fr\/wp-json\/wp\/v2\/pages\/3257\/revisions"}],"predecessor-version":[{"id":3355,"href":"https:\/\/www.clinicdrbita.com\/fr\/wp-json\/wp\/v2\/pages\/3257\/revisions\/3355"}],"wp:attachment":[{"href":"https:\/\/www.clinicdrbita.com\/fr\/wp-json\/wp\/v2\/media?parent=3257"}],"curies":[{"name":"wp","href":"https:\/\/api.w.org\/{rel}","templated":true}]}}