{"id":3561,"date":"2024-07-31T19:05:18","date_gmt":"2024-07-31T23:05:18","guid":{"rendered":"https:\/\/www.clinicdrbita.com\/conditions\/"},"modified":"2024-10-03T09:45:04","modified_gmt":"2024-10-03T13:45:04","slug":"conditions","status":"publish","type":"page","link":"https:\/\/www.clinicdrbita.com\/fr\/conditions\/","title":{"rendered":"Conditions"},"content":{"rendered":"\t\t<div data-elementor-type=\"wp-page\" data-elementor-id=\"3561\" class=\"elementor elementor-3561 elementor-3546\" data-elementor-post-type=\"page\">\n\t\t\t\t<div class=\"elementor-element elementor-element-1f6ec4c e-flex e-con-boxed e-con e-parent\" data-id=\"1f6ec4c\" data-element_type=\"container\" data-settings=\"{&quot;background_background&quot;:&quot;classic&quot;}\">\n\t\t\t\t\t<div class=\"e-con-inner\">\n\t\t\t\t<div class=\"elementor-element elementor-element-80dfe7e elementor-widget elementor-widget-theme-post-title elementor-page-title elementor-widget-heading\" data-id=\"80dfe7e\" data-element_type=\"widget\" data-widget_type=\"theme-post-title.default\">\n\t\t\t\t<div class=\"elementor-widget-container\">\n\t\t\t\t\t<h1 class=\"elementor-heading-title elementor-size-default\">Conditions<\/h1>\t\t\t\t<\/div>\n\t\t\t\t<\/div>\n\t\t\t\t<div class=\"elementor-element elementor-element-f577d8d elementor-widget elementor-widget-text-editor\" data-id=\"f577d8d\" data-element_type=\"widget\" data-widget_type=\"text-editor.default\">\n\t\t\t\t<div class=\"elementor-widget-container\">\n\t\t\t\t\t\t\t\t\t<p>Vous garantissez ce qui suit:<\/p>\n<ul>\n<li>Vous \u00eates le destinataire &#8211; ou le tuteur l\u00e9gal d&rsquo;un enfant de moins de 14 ans qui est le destinataire (Enfant) &#8211; des services fournis par la Clinique Dr. Bita Inc.<\/li>\n<li>Vous avez lu ces conditions.<\/li>\n<li>Vous consentez \u2013 en votre nom ou celui de votre enfant &#8211; \u00e0 recevoir nos services en vertu de ces Conditions.<\/li>\n<\/ul>\n\t\t\t\t\t\t\t\t<\/div>\n\t\t\t\t<\/div>\n\t\t\t\t\t<\/div>\n\t\t\t\t<\/div>\n\t\t<div class=\"elementor-element elementor-element-8d512e6 e-flex e-con-boxed e-con e-parent\" data-id=\"8d512e6\" data-element_type=\"container\">\n\t\t\t\t\t<div class=\"e-con-inner\">\n\t\t<div class=\"elementor-element elementor-element-0faf3b9 e-con-full e-flex e-con e-child\" data-id=\"0faf3b9\" data-element_type=\"container\">\n\t\t<div class=\"elementor-element elementor-element-6db7a5e e-con-full e-flex e-con e-child\" data-id=\"6db7a5e\" data-element_type=\"container\">\n\t\t\t\t<div class=\"elementor-element elementor-element-0a61451 elementor-widget elementor-widget-heading\" data-id=\"0a61451\" data-element_type=\"widget\" data-widget_type=\"heading.default\">\n\t\t\t\t<div class=\"elementor-widget-container\">\n\t\t\t\t\t<h2 class=\"elementor-heading-title elementor-size-default\">1. Enfants<\/h2>\t\t\t\t<\/div>\n\t\t\t\t<\/div>\n\t\t\t\t<div class=\"elementor-element elementor-element-43c37b8 elementor-widget elementor-widget-text-editor\" data-id=\"43c37b8\" data-element_type=\"widget\" data-widget_type=\"text-editor.default\">\n\t\t\t\t<div class=\"elementor-widget-container\">\n\t\t\t\t\t\t\t\t\t<p class=\"text-black-50 mb-4\">Cet article ne s&rsquo;applique pas si vous n&rsquo;\u00eates pas le tuteur l\u00e9gal d&rsquo;un enfant. Dans le cas o\u00f9 nous aurions besoin d\u2019une confirmation, vous vous engagez \u00e0 confirmer la validit\u00e9 et l&rsquo;exactitude des renseignements fournies au sujet de votre enfant. Vous comprenez que les conditions dans le 4 \u00e8me article de ces Conditions &#8211; intitul\u00e9 Confidentialit\u00e9 &#8211; s&rsquo;applique \u00e0 votre enfant, la seule exception \u00e9tant que les renseignements pertinents concernant les services fournis \u00e0 votre enfant, serons partag\u00e9s avec vous, en conformit\u00e9 avec les lois de la Province du Qu\u00e9bec. Vous garantissez la conformit\u00e9 du reste de ces Conditions, et en cas \u00e9ch\u00e9ant, vous acceptez d&rsquo;assumer l&rsquo;enti\u00e8re responsabilit\u00e9 de toutes les redevances dues au non-respect de ces Conditions par votre enfant. Vous garantissez que si la tutelle l\u00e9gale de votre enfant est partag\u00e9e avec un 2 \u00e8me tuteur l\u00e9gal, il a \u00e9galement lu, compris et accept\u00e9 ces conditions.<\/p>\n\t\t\t\t\t\t\t\t<\/div>\n\t\t\t\t<\/div>\n\t\t\t\t<\/div>\n\t\t<div class=\"elementor-element elementor-element-a096bf7 e-con-full e-flex e-con e-child\" data-id=\"a096bf7\" data-element_type=\"container\">\n\t\t\t\t<div class=\"elementor-element elementor-element-d137686 elementor-widget elementor-widget-heading\" data-id=\"d137686\" data-element_type=\"widget\" data-widget_type=\"heading.default\">\n\t\t\t\t<div class=\"elementor-widget-container\">\n\t\t\t\t\t<h2 class=\"elementor-heading-title elementor-size-default\">2. Consentement<\/h2>\t\t\t\t<\/div>\n\t\t\t\t<\/div>\n\t\t\t\t<div class=\"elementor-element elementor-element-7b09721 elementor-widget elementor-widget-text-editor\" data-id=\"7b09721\" data-element_type=\"widget\" data-widget_type=\"text-editor.default\">\n\t\t\t\t<div class=\"elementor-widget-container\">\n\t\t\t\t\t\t\t\t\t<p class=\"text-black-50 mb-4\">Ci-apr\u00e8s, les services offerts par nous seront d\u00e9sign\u00e9s \u00ab\u00a0Services\u00a0\u00bb. Les fournisseurs externes fournissant des Services en notre nom et \/ ou nos employ\u00e9s seront d\u00e9sign\u00e9s \u00ab\u00a0Professionnel(s)\u00a0\u00bb. Vous garantissez d&rsquo;avoir \u00e9t\u00e9 pleinement inform\u00e9 par votre professionnel de la nature de &#8211; et les risques associ\u00e9s \u00e0 &#8211; nos services. Vous garantissez que vous avez re\u00e7u suffisamment de temps et d&rsquo;information afin de fournir un consentement \u00e9clair\u00e9.<\/p>\t\t\t\t\t\t\t\t<\/div>\n\t\t\t\t<\/div>\n\t\t\t\t<\/div>\n\t\t<div class=\"elementor-element elementor-element-622a6f1 e-con-full e-flex e-con e-child\" data-id=\"622a6f1\" data-element_type=\"container\">\n\t\t\t\t<div class=\"elementor-element elementor-element-9947e35 elementor-widget elementor-widget-heading\" data-id=\"9947e35\" data-element_type=\"widget\" data-widget_type=\"heading.default\">\n\t\t\t\t<div class=\"elementor-widget-container\">\n\t\t\t\t\t<h2 class=\"elementor-heading-title elementor-size-default\">3. S\u00e9ances<\/h2>\t\t\t\t<\/div>\n\t\t\t\t<\/div>\n\t\t\t\t<div class=\"elementor-element elementor-element-5f75594 elementor-widget elementor-widget-text-editor\" data-id=\"5f75594\" data-element_type=\"widget\" data-widget_type=\"text-editor.default\">\n\t\t\t\t<div class=\"elementor-widget-container\">\n\t\t\t\t\t\t\t\t\t<p class=\"text-black-50 mb-4\">Un \u00ab\u00a0Rendez-vous\u00a0\u00bb r\u00e9f\u00e8re \u00e0 une entente entre vous et votre professionnel, dans laquelle vous &#8211; ou votre enfant &#8211; et votre professionnel avez une rencontre. Tout Rendez-vous dont la date, le temps, et le lieu est pr\u00e9cis\u00e9 par courriel, sera d\u00e9sign\u00e9 \u00ab\u00a0S\u00e9ance(s)\u00a0\u00bb. Vous comprenez que les s\u00e9ances peuvent \u00eatre annul\u00e9es ou report\u00e9es en laissant un message vocal au +1-855-382-2482 ou +1-514-999-2482 pour notre \u00e9quipe administrative.<\/p>\n<p class=\"text-black-50 mb-4\">Vous acceptez que les frais de s\u00e9ance soient payables imm\u00e9diatement apr\u00e8s votre s\u00e9ance. Si vous devez annuler une s\u00e9ance, vous acceptez d&rsquo;annuler votre s\u00e9ance au moins 24 heures avant celle-ci. Dans le cas o\u00f9, vous ne respectez pas cette condition, vous acceptez de payer les frais administratifs \u00e9gal au montant de vos frais de s\u00e9ance, payable lors de l&rsquo;annulation. Vous acceptez que si vos frais de s\u00e9ance sont pay\u00e9s en ligne, la m\u00eame politique d&rsquo;annulation s&rsquo;applique.<\/p>\n<p class=\"text-black-50 mb-4\">Vous comprenez qu&rsquo;une facture &#8211; faisant office de preuve des services que nous vous avons fournis et de vos comptes d\u00e9biteurs &#8211; vous sera \u00e9tablie par nous dans un d\u00e9lai raisonnable apr\u00e8s votre s\u00e9ance. Un re\u00e7u &#8211; faisant office de preuve de paiement et de vos comptes cr\u00e9diteurs &#8211; vous sera d\u00e9livr\u00e9 par nous avec un d\u00e9lai raisonnable apr\u00e8s le paiement. Vous acceptez de conserver toute facture ou re\u00e7u vous concernant dans le cas o\u00f9 vous en auriez besoin ult\u00e9rieurement. Vous acceptez de payer $5 pour chaque \u00e9mission suppl\u00e9mentaire d&rsquo;une facture ou d&rsquo;un re\u00e7u, si vous en avez besoin.<\/p>\n<p class=\"text-black-50 mb-4\">Vous vous engagez \u00e0 nous payer $25 pour chaque ch\u00e8que refus\u00e9 (Refus), payable d\u00e8s votre r\u00e9ception de notre avis. Vous comprenez qu&rsquo;apr\u00e8s 2 Refus, nous nous r\u00e9servons le droit de refuser tout paiement par ch\u00e8que. Vous acceptez que vos comptes nous \u00e9tant redevable seront major\u00e9s d\u2019un int\u00e9r\u00eat mensuel de 2% (Int\u00e9r\u00eats). Nous nous r\u00e9servons le droit d&rsquo;exiger le paiement imm\u00e9diat de tout ou une partie de votre montant payable, et vous acceptez de payer d\u00e8s la date indiqu\u00e9e dans notre avis.<\/p>\n<p class=\"text-black-50 mb-4\">Vous acceptez que notre m\u00e9thode officielle de correspondance avec vous se fasse par courriel. Vous acceptez que ces Conditions soient notre accord complet avec vous, et aucun autre arrangement remplacera ces Conditions. Au cas o\u00f9, ces Conditions ne traitent pas d\u2019 &#8211; ou ne sont pas applicables \u00e0 &#8211; une situation, vous comprenez qu&rsquo;un arrangement peut \u00eatre fait avec nous par courriel afin de r\u00e9soudre votre probl\u00e8me. Ces conditions sont sujet \u00e0 changement, \u00e0 notre discr\u00e9tion. Vous acceptez de consulter ces Conditions pour toute modification apport\u00e9e.<\/p>\n\t\t\t\t\t\t\t\t<\/div>\n\t\t\t\t<\/div>\n\t\t\t\t<\/div>\n\t\t<div class=\"elementor-element elementor-element-3447005 e-con-full e-flex e-con e-child\" data-id=\"3447005\" data-element_type=\"container\">\n\t\t\t\t<div class=\"elementor-element elementor-element-93ae7dc elementor-widget elementor-widget-heading\" data-id=\"93ae7dc\" data-element_type=\"widget\" data-widget_type=\"heading.default\">\n\t\t\t\t<div class=\"elementor-widget-container\">\n\t\t\t\t\t<h2 class=\"elementor-heading-title elementor-size-default\">4. Confidentialit\u00e9<\/h2>\t\t\t\t<\/div>\n\t\t\t\t<\/div>\n\t\t\t\t<div class=\"elementor-element elementor-element-becbae3 elementor-widget elementor-widget-text-editor\" data-id=\"becbae3\" data-element_type=\"widget\" data-widget_type=\"text-editor.default\">\n\t\t\t\t<div class=\"elementor-widget-container\">\n\t\t\t\t\t\t\t\t\t<p class=\"text-black-50 mb-4\">Au cas o\u00f9 votre professionnel n\u00e9cessite une supervision \u00e0 des fins de formation, vous consentez \u00e0 votre professionnel d&rsquo;\u00eatre sous la supervision du Dr. Bita (ce qui implique un certain niveau de divulgation). Le psychologue ne divulgue aucun renseignement sur le client \u00e0 l&rsquo;exception de ce qui a \u00e9t\u00e9 autoris\u00e9 formellement par \u00e9crit par le client, ou verbalement, ou en cas d&rsquo;urgence, ou encore si la loi l&rsquo;ordonne. Par exemple, le psychologue peut communiquer avec un agent de s\u00e9curit\u00e9 prot\u00e9g\u00e9 par le secret professionnel, en vue de pr\u00e9venir un acte de violence, un suicide, ou avec un motif raisonnable de croire qu&rsquo;un danger imminent de mort ou de blessures graves menace une personne ou un groupe de personnes identifiable, etc. Vous comprenez que dans ces situations, votre professionnel est tenu de communiquer avec les membres de la famille proche ou d&rsquo;autres personnes significatives, demander l&rsquo;hospitalisation, contacter la police, ou d&rsquo;autres agences gouvernementales, en conformit\u00e9 avec les lois de la Province du Qu\u00e9bec.<\/p>\n<p class=\"text-black-50 mb-4\">Au cas o\u00f9 vous et vos proche(s) \u00eates \u00e0 la recherche de nos Services pour une ou plusieurs personnes de votre connaissance, vous comprenez que votre professionnel soit dans l&rsquo;obligation de maintenir la confidentialit\u00e9 et peut retenir de l&rsquo;information pertinente aupr\u00e8s de vos proches et\/ou de vous.<\/p>\n\t\t\t\t\t\t\t\t<\/div>\n\t\t\t\t<\/div>\n\t\t\t\t<\/div>\n\t\t<div class=\"elementor-element elementor-element-ef08a17 e-con-full e-flex e-con e-child\" data-id=\"ef08a17\" data-element_type=\"container\">\n\t\t\t\t<div class=\"elementor-element elementor-element-50400d4 elementor-widget elementor-widget-heading\" data-id=\"50400d4\" data-element_type=\"widget\" data-widget_type=\"heading.default\">\n\t\t\t\t<div class=\"elementor-widget-container\">\n\t\t\t\t\t<h2 class=\"elementor-heading-title elementor-size-default\">5. Remboursement et Litige<\/h2>\t\t\t\t<\/div>\n\t\t\t\t<\/div>\n\t\t\t\t<div class=\"elementor-element elementor-element-2f57f52 elementor-widget elementor-widget-text-editor\" data-id=\"2f57f52\" data-element_type=\"widget\" data-widget_type=\"text-editor.default\">\n\t\t\t\t<div class=\"elementor-widget-container\">\n\t\t\t\t\t\t\t\t\t<p class=\"text-black-50 mb-4\">Au cas o\u00f9 nous sommes tenus de recourir \u00e0 l&rsquo;utilisation de services juridiques afin de collecter votre solde d\u00fb, vous vous engagez \u00e0 nous payer le plein montant de votre solde, en plus des co\u00fbts que nous avons engag\u00e9s pour les services juridiques mentionn\u00e9s ci-dessus ainsi que 15% de tous les co\u00fbts des tribunaux. Vous comprenez qu&rsquo;en acceptant nos Conditions, vous reconnaissez la juridiction de la Province du Qu\u00e9bec (QC) et vous acceptez de respecter les verdicts des tribunaux du Qu\u00e9bec.<\/p>\t\t\t\t\t\t\t\t<\/div>\n\t\t\t\t<\/div>\n\t\t\t\t<\/div>\n\t\t<div class=\"elementor-element elementor-element-b9013f1 e-con-full e-flex e-con e-child\" data-id=\"b9013f1\" data-element_type=\"container\">\n\t\t\t\t<div class=\"elementor-element elementor-element-b72a1ca elementor-widget elementor-widget-heading\" data-id=\"b72a1ca\" data-element_type=\"widget\" data-widget_type=\"heading.default\">\n\t\t\t\t<div class=\"elementor-widget-container\">\n\t\t\t\t\t<h2 class=\"elementor-heading-title elementor-size-default\">6. Ind\u00e8mnit\u00e9<\/h2>\t\t\t\t<\/div>\n\t\t\t\t<\/div>\n\t\t\t\t<div class=\"elementor-element elementor-element-9669f33 elementor-widget elementor-widget-text-editor\" data-id=\"9669f33\" data-element_type=\"widget\" data-widget_type=\"text-editor.default\">\n\t\t\t\t<div class=\"elementor-widget-container\">\n\t\t\t\t\t\t\t\t\t<main><section class=\"about-section-light text-left pt-5\">\r\n<div class=\"container pt-5\">\r\n<div class=\"row\">\r\n<div class=\"col-lg-8 mx-auto\">\r\n<p class=\"text-black-50 mb-4\">D\u00e9sormais, toute article dans les pr\u00e9sentes Conditions sera d\u00e9sign\u00e9 \u00ab\u00a0Article(s)\u00a0\u00bb. Vous convenez que si un Article est d\u00e9termin\u00e9 par un tribunal ou une autre autorit\u00e9 comp\u00e9tente comme ill\u00e9gal et \/ ou inapplicable, les autres Articles resteront en vigueur. Vous convenez que si un Article ill\u00e9gal et \/ ou inapplicable devenait l\u00e9gal ou applicable et si une partie de celui-ci \u00e9tait supprim\u00e9e, cette partie sera r\u00e9put\u00e9e \u00eatre supprim\u00e9e, et le reste de l&rsquo;Article restera en vigueur.<\/p>\r\n\r\n<\/div>\r\n<\/div>\r\n<\/div>\r\n<\/section><\/main>\t\t\t\t\t\t\t\t<\/div>\n\t\t\t\t<\/div>\n\t\t\t\t<\/div>\n\t\t\t\t<\/div>\n\t\t\t\t\t<\/div>\n\t\t\t\t<\/div>\n\t\t\t\t<\/div>\n\t\t","protected":false},"excerpt":{"rendered":"<p>Vous garantissez ce qui suit: Vous \u00eates le destinataire &#8211; ou le tuteur l\u00e9gal d&rsquo;un enfant de moins de 14 ans qui est le destinataire (Enfant) &#8211; des services fournis par la Clinique Dr. Bita Inc. Vous avez lu ces conditions. Vous consentez \u2013 en votre nom ou celui de votre enfant &#8211; \u00e0 recevoir&#8230;<\/p>\n","protected":false},"author":2,"featured_media":0,"parent":0,"menu_order":13,"comment_status":"closed","ping_status":"closed","template":"","meta":{"_acf_changed":false,"footnotes":""},"class_list":["post-3561","page","type-page","status-publish","hentry"],"acf":[],"yoast_head":"<!-- This site is optimized with the Yoast SEO plugin v25.0 - https:\/\/yoast.com\/wordpress\/plugins\/seo\/ -->\n<title>Conditions d&#039;utilisation - Clinique Dr. Bita<\/title>\n<meta name=\"description\" content=\"Consultez les conditions d&#039;utilisation de la Clinique Dr. Bita pour conna\u00eetre les directives et politiques des services de sant\u00e9 mentale.\" \/>\n<meta name=\"robots\" content=\"index, follow, max-snippet:-1, max-image-preview:large, max-video-preview:-1\" \/>\n<link rel=\"canonical\" href=\"https:\/\/www.clinicdrbita.com\/fr\/conditions\/\" \/>\n<meta property=\"og:locale\" content=\"fr_FR\" \/>\n<meta property=\"og:type\" content=\"article\" \/>\n<meta property=\"og:title\" content=\"Conditions d&#039;utilisation - Clinique Dr. Bita\" \/>\n<meta property=\"og:description\" content=\"Consultez les conditions d&#039;utilisation de la Clinique Dr. Bita pour conna\u00eetre les directives et politiques des services de sant\u00e9 mentale.\" \/>\n<meta property=\"og:url\" content=\"https:\/\/www.clinicdrbita.com\/fr\/conditions\/\" \/>\n<meta property=\"og:site_name\" content=\"Clinic Dr Bita\" \/>\n<meta property=\"article:publisher\" content=\"https:\/\/www.facebook.com\/ClinicDrBita\/\" \/>\n<meta property=\"article:modified_time\" content=\"2024-10-03T13:45:04+00:00\" \/>\n<meta property=\"og:image\" content=\"https:\/\/www.clinicdrbita.com\/wp-content\/uploads\/2024\/12\/454575122_835452175444028_2305386231921421344_n.jpg\" \/>\n\t<meta property=\"og:image:width\" content=\"1563\" \/>\n\t<meta property=\"og:image:height\" content=\"1563\" \/>\n\t<meta property=\"og:image:type\" content=\"image\/jpeg\" \/>\n<meta name=\"twitter:card\" content=\"summary_large_image\" \/>\n<meta name=\"twitter:site\" content=\"@ClinicDrBita\" \/>\n<meta name=\"twitter:label1\" content=\"Dur\u00e9e de lecture estim\u00e9e\" \/>\n\t<meta name=\"twitter:data1\" content=\"5 minutes\" \/>\n<script type=\"application\/ld+json\" class=\"yoast-schema-graph\">{\"@context\":\"https:\/\/schema.org\",\"@graph\":[{\"@type\":\"WebPage\",\"@id\":\"https:\/\/www.clinicdrbita.com\/fr\/conditions\/\",\"url\":\"https:\/\/www.clinicdrbita.com\/fr\/conditions\/\",\"name\":\"Conditions d'utilisation - Clinique Dr. Bita\",\"isPartOf\":{\"@id\":\"https:\/\/www.clinicdrbita.com\/#website\"},\"datePublished\":\"2024-07-31T23:05:18+00:00\",\"dateModified\":\"2024-10-03T13:45:04+00:00\",\"description\":\"Consultez les conditions d'utilisation de la Clinique Dr. Bita pour conna\u00eetre les directives et politiques des services de sant\u00e9 mentale.\",\"breadcrumb\":{\"@id\":\"https:\/\/www.clinicdrbita.com\/fr\/conditions\/#breadcrumb\"},\"inLanguage\":\"fr-FR\",\"potentialAction\":[{\"@type\":\"ReadAction\",\"target\":[\"https:\/\/www.clinicdrbita.com\/fr\/conditions\/\"]}]},{\"@type\":\"BreadcrumbList\",\"@id\":\"https:\/\/www.clinicdrbita.com\/fr\/conditions\/#breadcrumb\",\"itemListElement\":[{\"@type\":\"ListItem\",\"position\":1,\"name\":\"Home\",\"item\":\"https:\/\/www.clinicdrbita.com\/fr\/\"},{\"@type\":\"ListItem\",\"position\":2,\"name\":\"Conditions\"}]},{\"@type\":\"WebSite\",\"@id\":\"https:\/\/www.clinicdrbita.com\/#website\",\"url\":\"https:\/\/www.clinicdrbita.com\/\",\"name\":\"Clinic Dr Bita\",\"description\":\"Compassionate and personalized mental health support\",\"publisher\":{\"@id\":\"https:\/\/www.clinicdrbita.com\/#organization\"},\"alternateName\":\"Clinic Dr Bita Psychologists\",\"potentialAction\":[{\"@type\":\"SearchAction\",\"target\":{\"@type\":\"EntryPoint\",\"urlTemplate\":\"https:\/\/www.clinicdrbita.com\/?s={search_term_string}\"},\"query-input\":{\"@type\":\"PropertyValueSpecification\",\"valueRequired\":true,\"valueName\":\"search_term_string\"}}],\"inLanguage\":\"fr-FR\"},{\"@type\":\"Organization\",\"@id\":\"https:\/\/www.clinicdrbita.com\/#organization\",\"name\":\"Clinic Dr Bita\",\"alternateName\":\"Clinic Dr Bita Psychologists\",\"url\":\"https:\/\/www.clinicdrbita.com\/\",\"logo\":{\"@type\":\"ImageObject\",\"inLanguage\":\"fr-FR\",\"@id\":\"https:\/\/www.clinicdrbita.com\/#\/schema\/logo\/image\/\",\"url\":\"https:\/\/www.clinicdrbita.com\/wp-content\/uploads\/2024\/08\/favicon.png\",\"contentUrl\":\"https:\/\/www.clinicdrbita.com\/wp-content\/uploads\/2024\/08\/favicon.png\",\"width\":100,\"height\":100,\"caption\":\"Clinic Dr Bita\"},\"image\":{\"@id\":\"https:\/\/www.clinicdrbita.com\/#\/schema\/logo\/image\/\"},\"sameAs\":[\"https:\/\/www.facebook.com\/ClinicDrBita\/\",\"https:\/\/x.com\/ClinicDrBita\"]}]}<\/script>\n<!-- \/ Yoast SEO plugin. -->","yoast_head_json":{"title":"Conditions d'utilisation - Clinique Dr. Bita","description":"Consultez les conditions d'utilisation de la Clinique Dr. Bita pour conna\u00eetre les directives et politiques des services de sant\u00e9 mentale.","robots":{"index":"index","follow":"follow","max-snippet":"max-snippet:-1","max-image-preview":"max-image-preview:large","max-video-preview":"max-video-preview:-1"},"canonical":"https:\/\/www.clinicdrbita.com\/fr\/conditions\/","og_locale":"fr_FR","og_type":"article","og_title":"Conditions d'utilisation - Clinique Dr. Bita","og_description":"Consultez les conditions d'utilisation de la Clinique Dr. Bita pour conna\u00eetre les directives et politiques des services de sant\u00e9 mentale.","og_url":"https:\/\/www.clinicdrbita.com\/fr\/conditions\/","og_site_name":"Clinic Dr Bita","article_publisher":"https:\/\/www.facebook.com\/ClinicDrBita\/","article_modified_time":"2024-10-03T13:45:04+00:00","og_image":[{"width":1563,"height":1563,"url":"https:\/\/www.clinicdrbita.com\/wp-content\/uploads\/2024\/12\/454575122_835452175444028_2305386231921421344_n.jpg","type":"image\/jpeg"}],"twitter_card":"summary_large_image","twitter_site":"@ClinicDrBita","twitter_misc":{"Dur\u00e9e de lecture estim\u00e9e":"5 minutes"},"schema":{"@context":"https:\/\/schema.org","@graph":[{"@type":"WebPage","@id":"https:\/\/www.clinicdrbita.com\/fr\/conditions\/","url":"https:\/\/www.clinicdrbita.com\/fr\/conditions\/","name":"Conditions d'utilisation - Clinique Dr. Bita","isPartOf":{"@id":"https:\/\/www.clinicdrbita.com\/#website"},"datePublished":"2024-07-31T23:05:18+00:00","dateModified":"2024-10-03T13:45:04+00:00","description":"Consultez les conditions d'utilisation de la Clinique Dr. Bita pour conna\u00eetre les directives et politiques des services de sant\u00e9 mentale.","breadcrumb":{"@id":"https:\/\/www.clinicdrbita.com\/fr\/conditions\/#breadcrumb"},"inLanguage":"fr-FR","potentialAction":[{"@type":"ReadAction","target":["https:\/\/www.clinicdrbita.com\/fr\/conditions\/"]}]},{"@type":"BreadcrumbList","@id":"https:\/\/www.clinicdrbita.com\/fr\/conditions\/#breadcrumb","itemListElement":[{"@type":"ListItem","position":1,"name":"Home","item":"https:\/\/www.clinicdrbita.com\/fr\/"},{"@type":"ListItem","position":2,"name":"Conditions"}]},{"@type":"WebSite","@id":"https:\/\/www.clinicdrbita.com\/#website","url":"https:\/\/www.clinicdrbita.com\/","name":"Clinic Dr Bita","description":"Compassionate and personalized mental health support","publisher":{"@id":"https:\/\/www.clinicdrbita.com\/#organization"},"alternateName":"Clinic Dr Bita Psychologists","potentialAction":[{"@type":"SearchAction","target":{"@type":"EntryPoint","urlTemplate":"https:\/\/www.clinicdrbita.com\/?s={search_term_string}"},"query-input":{"@type":"PropertyValueSpecification","valueRequired":true,"valueName":"search_term_string"}}],"inLanguage":"fr-FR"},{"@type":"Organization","@id":"https:\/\/www.clinicdrbita.com\/#organization","name":"Clinic Dr Bita","alternateName":"Clinic Dr Bita Psychologists","url":"https:\/\/www.clinicdrbita.com\/","logo":{"@type":"ImageObject","inLanguage":"fr-FR","@id":"https:\/\/www.clinicdrbita.com\/#\/schema\/logo\/image\/","url":"https:\/\/www.clinicdrbita.com\/wp-content\/uploads\/2024\/08\/favicon.png","contentUrl":"https:\/\/www.clinicdrbita.com\/wp-content\/uploads\/2024\/08\/favicon.png","width":100,"height":100,"caption":"Clinic Dr Bita"},"image":{"@id":"https:\/\/www.clinicdrbita.com\/#\/schema\/logo\/image\/"},"sameAs":["https:\/\/www.facebook.com\/ClinicDrBita\/","https:\/\/x.com\/ClinicDrBita"]}]}},"_links":{"self":[{"href":"https:\/\/www.clinicdrbita.com\/fr\/wp-json\/wp\/v2\/pages\/3561","targetHints":{"allow":["GET"]}}],"collection":[{"href":"https:\/\/www.clinicdrbita.com\/fr\/wp-json\/wp\/v2\/pages"}],"about":[{"href":"https:\/\/www.clinicdrbita.com\/fr\/wp-json\/wp\/v2\/types\/page"}],"author":[{"embeddable":true,"href":"https:\/\/www.clinicdrbita.com\/fr\/wp-json\/wp\/v2\/users\/2"}],"replies":[{"embeddable":true,"href":"https:\/\/www.clinicdrbita.com\/fr\/wp-json\/wp\/v2\/comments?post=3561"}],"version-history":[{"count":2,"href":"https:\/\/www.clinicdrbita.com\/fr\/wp-json\/wp\/v2\/pages\/3561\/revisions"}],"predecessor-version":[{"id":3805,"href":"https:\/\/www.clinicdrbita.com\/fr\/wp-json\/wp\/v2\/pages\/3561\/revisions\/3805"}],"wp:attachment":[{"href":"https:\/\/www.clinicdrbita.com\/fr\/wp-json\/wp\/v2\/media?parent=3561"}],"curies":[{"name":"wp","href":"https:\/\/api.w.org\/{rel}","templated":true}]}}