{"id":3565,"date":"2024-07-31T19:13:56","date_gmt":"2024-07-31T23:13:56","guid":{"rendered":"https:\/\/www.clinicdrbita.com\/confidentialite\/"},"modified":"2024-10-03T09:45:41","modified_gmt":"2024-10-03T13:45:41","slug":"confidentialite","status":"publish","type":"page","link":"https:\/\/www.clinicdrbita.com\/fr\/confidentialite\/","title":{"rendered":"Confidentialit\u00e9"},"content":{"rendered":"\t\t<div data-elementor-type=\"wp-page\" data-elementor-id=\"3565\" class=\"elementor elementor-3565 elementor-3555\" data-elementor-post-type=\"page\">\n\t\t\t\t<div class=\"elementor-element elementor-element-1f6ec4c e-flex e-con-boxed e-con e-parent\" data-id=\"1f6ec4c\" data-element_type=\"container\" data-settings=\"{&quot;background_background&quot;:&quot;classic&quot;}\">\n\t\t\t\t\t<div class=\"e-con-inner\">\n\t\t\t\t<div class=\"elementor-element elementor-element-80dfe7e elementor-widget elementor-widget-theme-post-title elementor-page-title elementor-widget-heading\" data-id=\"80dfe7e\" data-element_type=\"widget\" data-widget_type=\"theme-post-title.default\">\n\t\t\t\t<div class=\"elementor-widget-container\">\n\t\t\t\t\t<h1 class=\"elementor-heading-title elementor-size-default\">Confidentialit\u00e9<\/h1>\t\t\t\t<\/div>\n\t\t\t\t<\/div>\n\t\t\t\t<div class=\"elementor-element elementor-element-f577d8d elementor-widget elementor-widget-text-editor\" data-id=\"f577d8d\" data-element_type=\"widget\" data-widget_type=\"text-editor.default\">\n\t\t\t\t<div class=\"elementor-widget-container\">\n\t\t\t\t\t\t\t\t\t<p><span style=\"font-weight: 400;\">En tant que clinique de psychologie, la confidentialit\u00e9 personnelle est au c\u0153ur de nos politiques. Nous nous situons \u00e0 la pointe des politiques de confidentialit\u00e9 canadiennes et internationales, telles que les nouvelles politiques europ\u00e9ennes GDPR.<\/span><\/p>\n<p><span style=\"font-weight: 400;\">Nos principes sont les suivants :<\/span><\/p>\n\t\t\t\t\t\t\t\t<\/div>\n\t\t\t\t<\/div>\n\t\t\t\t\t<\/div>\n\t\t\t\t<\/div>\n\t\t<div class=\"elementor-element elementor-element-8d512e6 e-flex e-con-boxed e-con e-parent\" data-id=\"8d512e6\" data-element_type=\"container\">\n\t\t\t\t\t<div class=\"e-con-inner\">\n\t\t<div class=\"elementor-element elementor-element-0faf3b9 e-con-full e-flex e-con e-child\" data-id=\"0faf3b9\" data-element_type=\"container\">\n\t\t<div class=\"elementor-element elementor-element-6db7a5e e-con-full e-flex e-con e-child\" data-id=\"6db7a5e\" data-element_type=\"container\">\n\t\t\t\t<div class=\"elementor-element elementor-element-0a61451 elementor-widget elementor-widget-heading\" data-id=\"0a61451\" data-element_type=\"widget\" data-widget_type=\"heading.default\">\n\t\t\t\t<div class=\"elementor-widget-container\">\n\t\t\t\t\t<h2 class=\"elementor-heading-title elementor-size-default\">1. Collecte Minime<\/h2>\t\t\t\t<\/div>\n\t\t\t\t<\/div>\n\t\t\t\t<div class=\"elementor-element elementor-element-43c37b8 elementor-widget elementor-widget-text-editor\" data-id=\"43c37b8\" data-element_type=\"widget\" data-widget_type=\"text-editor.default\">\n\t\t\t\t<div class=\"elementor-widget-container\">\n\t\t\t\t\t\t\t\t\t<span style=\"font-weight: 400;\">Notre objectif est de collecter uniquement le minimum d&rsquo;informations aupr\u00e8s de nos clients, et ce, uniquement dans la mesure o\u00f9 cela nous permet de leur fournir un meilleur service.<\/span>\t\t\t\t\t\t\t\t<\/div>\n\t\t\t\t<\/div>\n\t\t\t\t<\/div>\n\t\t<div class=\"elementor-element elementor-element-a096bf7 e-con-full e-flex e-con e-child\" data-id=\"a096bf7\" data-element_type=\"container\">\n\t\t\t\t<div class=\"elementor-element elementor-element-d137686 elementor-widget elementor-widget-heading\" data-id=\"d137686\" data-element_type=\"widget\" data-widget_type=\"heading.default\">\n\t\t\t\t<div class=\"elementor-widget-container\">\n\t\t\t\t\t<h2 class=\"elementor-heading-title elementor-size-default\">2. Consentement<\/h2>\t\t\t\t<\/div>\n\t\t\t\t<\/div>\n\t\t\t\t<div class=\"elementor-element elementor-element-7b09721 elementor-widget elementor-widget-text-editor\" data-id=\"7b09721\" data-element_type=\"widget\" data-widget_type=\"text-editor.default\">\n\t\t\t\t<div class=\"elementor-widget-container\">\n\t\t\t\t\t\t\t\t\t<span style=\"font-weight: 400;\">Nous ne collectons des informations vous concernant qu&rsquo;avec votre consentement \u00e9clair\u00e9. Lorsque la collecte d&rsquo;informations personnelles est souhaitable pour fournir l&rsquo;un de nos services, nous vous informons \u00e0 l&rsquo;avance des informations personnelles que nous devons collecter \u00e0 cette fin et nous obtenons votre consentement \u00e9crit pour collecter ces informations.<\/span>\t\t\t\t\t\t\t\t<\/div>\n\t\t\t\t<\/div>\n\t\t\t\t<\/div>\n\t\t<div class=\"elementor-element elementor-element-622a6f1 e-con-full e-flex e-con e-child\" data-id=\"622a6f1\" data-element_type=\"container\">\n\t\t\t\t<div class=\"elementor-element elementor-element-9947e35 elementor-widget elementor-widget-heading\" data-id=\"9947e35\" data-element_type=\"widget\" data-widget_type=\"heading.default\">\n\t\t\t\t<div class=\"elementor-widget-container\">\n\t\t\t\t\t<h2 class=\"elementor-heading-title elementor-size-default\">3. Utilisation<\/h2>\t\t\t\t<\/div>\n\t\t\t\t<\/div>\n\t\t\t\t<div class=\"elementor-element elementor-element-5f75594 elementor-widget elementor-widget-text-editor\" data-id=\"5f75594\" data-element_type=\"widget\" data-widget_type=\"text-editor.default\">\n\t\t\t\t<div class=\"elementor-widget-container\">\n\t\t\t\t\t\t\t\t\t<p><span style=\"font-weight: 400;\">Nous comprenons que votre consentement \u00e9clair\u00e9 ne peut \u00eatre donn\u00e9 qu&rsquo;une fois que le client comprend comment les informations seront utilis\u00e9es. Nous nous assurons que nos clients comprennent la nature et l&rsquo;\u00e9tendue de l&rsquo;utilisation des informations par nous.<\/span><\/p>\n\t\t\t\t\t\t\t\t<\/div>\n\t\t\t\t<\/div>\n\t\t\t\t<\/div>\n\t\t<div class=\"elementor-element elementor-element-3447005 e-con-full e-flex e-con e-child\" data-id=\"3447005\" data-element_type=\"container\">\n\t\t\t\t<div class=\"elementor-element elementor-element-93ae7dc elementor-widget elementor-widget-heading\" data-id=\"93ae7dc\" data-element_type=\"widget\" data-widget_type=\"heading.default\">\n\t\t\t\t<div class=\"elementor-widget-container\">\n\t\t\t\t\t<h2 class=\"elementor-heading-title elementor-size-default\">4. Divulgations \u00e0 des tiers<\/h2>\t\t\t\t<\/div>\n\t\t\t\t<\/div>\n\t\t\t\t<div class=\"elementor-element elementor-element-becbae3 elementor-widget elementor-widget-text-editor\" data-id=\"becbae3\" data-element_type=\"widget\" data-widget_type=\"text-editor.default\">\n\t\t\t\t<div class=\"elementor-widget-container\">\n\t\t\t\t\t\t\t\t\t<span style=\"font-weight: 400;\">Nous ne divulguons, ne commercialisons, ne licencions ou ne vendons aucune information collect\u00e9e par nous \u00e0 des tiers sans le consentement de nos clients, ni ne leur permettons de la voir ou de l&rsquo;utiliser. Cependant, nos politiques de confidentialit\u00e9 ne couvrent pas les liens sur ce site vers d&rsquo;autres sites web.<\/span>\t\t\t\t\t\t\t\t<\/div>\n\t\t\t\t<\/div>\n\t\t\t\t<\/div>\n\t\t<div class=\"elementor-element elementor-element-ef08a17 e-con-full e-flex e-con e-child\" data-id=\"ef08a17\" data-element_type=\"container\">\n\t\t\t\t<div class=\"elementor-element elementor-element-50400d4 elementor-widget elementor-widget-heading\" data-id=\"50400d4\" data-element_type=\"widget\" data-widget_type=\"heading.default\">\n\t\t\t\t<div class=\"elementor-widget-container\">\n\t\t\t\t\t<h2 class=\"elementor-heading-title elementor-size-default\">5. Acc\u00e8s et responsabilit\u00e9<\/h2>\t\t\t\t<\/div>\n\t\t\t\t<\/div>\n\t\t\t\t<div class=\"elementor-element elementor-element-2f57f52 elementor-widget elementor-widget-text-editor\" data-id=\"2f57f52\" data-element_type=\"widget\" data-widget_type=\"text-editor.default\">\n\t\t\t\t<div class=\"elementor-widget-container\">\n\t\t\t\t\t\t\t\t\t<span style=\"font-weight: 400;\">Nous fournissons \u00e0 nos clients un acc\u00e8s complet aux informations que nous collectons aupr\u00e8s d&rsquo;eux afin de leur permettre de s&rsquo;assurer que ces informations sont toujours correctes et pertinentes. Nous corrigeons imm\u00e9diatement toute erreur dans les informations sur demande.<\/span>\t\t\t\t\t\t\t\t<\/div>\n\t\t\t\t<\/div>\n\t\t\t\t<\/div>\n\t\t<div class=\"elementor-element elementor-element-b9013f1 e-con-full e-flex e-con e-child\" data-id=\"b9013f1\" data-element_type=\"container\">\n\t\t\t\t<div class=\"elementor-element elementor-element-b72a1ca elementor-widget elementor-widget-heading\" data-id=\"b72a1ca\" data-element_type=\"widget\" data-widget_type=\"heading.default\">\n\t\t\t\t<div class=\"elementor-widget-container\">\n\t\t\t\t\t<h2 class=\"elementor-heading-title elementor-size-default\">6. Retour aux clients<\/h2>\t\t\t\t<\/div>\n\t\t\t\t<\/div>\n\t\t\t\t<div class=\"elementor-element elementor-element-9669f33 elementor-widget elementor-widget-text-editor\" data-id=\"9669f33\" data-element_type=\"widget\" data-widget_type=\"text-editor.default\">\n\t\t\t\t<div class=\"elementor-widget-container\">\n\t\t\t\t\t\t\t\t\t<p><span style=\"font-weight: 400;\">Nous nous engageons \u00e0 retourner les informations collect\u00e9es aupr\u00e8s des clients \u00e0 leur demande et \u00e0 supprimer de nos dossiers les informations ainsi retourn\u00e9es ou qui ne sont plus n\u00e9cessaires. La seule exception \u00e0 cela est lorsque la conservation des informations par nous est requise par la loi, par exemple \u00e0 des fins fiscales.<\/span><\/p>\n\t\t\t\t\t\t\t\t<\/div>\n\t\t\t\t<\/div>\n\t\t\t\t<\/div>\n\t\t<div class=\"elementor-element elementor-element-fa56ef2 e-con-full e-flex e-con e-child\" data-id=\"fa56ef2\" data-element_type=\"container\">\n\t\t\t\t<div class=\"elementor-element elementor-element-fabe855 elementor-widget elementor-widget-heading\" data-id=\"fabe855\" data-element_type=\"widget\" data-widget_type=\"heading.default\">\n\t\t\t\t<div class=\"elementor-widget-container\">\n\t\t\t\t\t<h2 class=\"elementor-heading-title elementor-size-default\">7. Mesures de protection<\/h2>\t\t\t\t<\/div>\n\t\t\t\t<\/div>\n\t\t\t\t<div class=\"elementor-element elementor-element-c1507d8 elementor-widget elementor-widget-text-editor\" data-id=\"c1507d8\" data-element_type=\"widget\" data-widget_type=\"text-editor.default\">\n\t\t\t\t<div class=\"elementor-widget-container\">\n\t\t\t\t\t\t\t\t\t<p><span style=\"font-weight: 400;\">Nous nous assurons, gr\u00e2ce \u00e0 des technologies de pointe, que les informations collect\u00e9es par nous sont prot\u00e9g\u00e9es contre l&rsquo;acc\u00e8s de personnes non autoris\u00e9es, et que ces informations ne peuvent \u00eatre consult\u00e9es que par le personnel qui en a besoin pour fournir les services demand\u00e9s et qui ont sign\u00e9 un accord de confidentialit\u00e9 et de non-divulgation \u00e0 cet \u00e9gard.<\/span><\/p>\n\t\t\t\t\t\t\t\t<\/div>\n\t\t\t\t<\/div>\n\t\t\t\t<\/div>\n\t\t<div class=\"elementor-element elementor-element-75f9b5f e-con-full e-flex e-con e-child\" data-id=\"75f9b5f\" data-element_type=\"container\">\n\t\t\t\t<div class=\"elementor-element elementor-element-a72f893 elementor-widget elementor-widget-heading\" data-id=\"a72f893\" data-element_type=\"widget\" data-widget_type=\"heading.default\">\n\t\t\t\t<div class=\"elementor-widget-container\">\n\t\t\t\t\t<h2 class=\"elementor-heading-title elementor-size-default\">8. Cookies<\/h2>\t\t\t\t<\/div>\n\t\t\t\t<\/div>\n\t\t\t\t<div class=\"elementor-element elementor-element-349a29c elementor-widget elementor-widget-text-editor\" data-id=\"349a29c\" data-element_type=\"widget\" data-widget_type=\"text-editor.default\">\n\t\t\t\t<div class=\"elementor-widget-container\">\n\t\t\t\t\t\t\t\t\t<p><span style=\"font-weight: 400;\">Nous utilisons des cookies afin de suivre comment vous utilisez et exp\u00e9rimentez notre site web, de cr\u00e9er des donn\u00e9es statistiques anonymes sur les performances de notre site web, et d&rsquo;alimenter la personnalisation du contenu du site web pour vous.<\/span><\/p>\n\t\t\t\t\t\t\t\t<\/div>\n\t\t\t\t<\/div>\n\t\t\t\t<\/div>\n\t\t\t\t<\/div>\n\t\t\t\t\t<\/div>\n\t\t\t\t<\/div>\n\t\t\t\t<\/div>\n\t\t","protected":false},"excerpt":{"rendered":"<p>En tant que clinique de psychologie, la confidentialit\u00e9 personnelle est au c\u0153ur de nos politiques. Nous nous situons \u00e0 la pointe des politiques de confidentialit\u00e9 canadiennes et internationales, telles que les nouvelles politiques europ\u00e9ennes GDPR. Nos principes sont les suivants : 1. Collecte Minime Notre objectif est de collecter uniquement le minimum d&rsquo;informations aupr\u00e8s de&#8230;<\/p>\n","protected":false},"author":2,"featured_media":0,"parent":0,"menu_order":16,"comment_status":"closed","ping_status":"closed","template":"","meta":{"_acf_changed":false,"footnotes":""},"class_list":["post-3565","page","type-page","status-publish","hentry"],"acf":[],"yoast_head":"<!-- This site is optimized with the Yoast SEO plugin v25.0 - https:\/\/yoast.com\/wordpress\/plugins\/seo\/ -->\n<title>Politique de confidentialit\u00e9 | Clinique Dr Bita<\/title>\n<meta name=\"description\" content=\"Consultez notre politique de confidentialit\u00e9 pour comprendre comment nous prot\u00e9geons vos donn\u00e9es et assurons la confidentialit\u00e9 de votre sant\u00e9 mentale.\" \/>\n<meta name=\"robots\" content=\"index, follow, max-snippet:-1, max-image-preview:large, max-video-preview:-1\" \/>\n<link rel=\"canonical\" href=\"https:\/\/www.clinicdrbita.com\/fr\/confidentialite\/\" \/>\n<meta property=\"og:locale\" content=\"fr_FR\" \/>\n<meta property=\"og:type\" content=\"article\" \/>\n<meta property=\"og:title\" content=\"Politique de confidentialit\u00e9 | Clinique Dr Bita\" \/>\n<meta property=\"og:description\" content=\"Consultez notre politique de confidentialit\u00e9 pour comprendre comment nous prot\u00e9geons vos donn\u00e9es et assurons la confidentialit\u00e9 de votre sant\u00e9 mentale.\" \/>\n<meta property=\"og:url\" content=\"https:\/\/www.clinicdrbita.com\/fr\/confidentialite\/\" \/>\n<meta property=\"og:site_name\" content=\"Clinic Dr Bita\" \/>\n<meta property=\"article:publisher\" content=\"https:\/\/www.facebook.com\/ClinicDrBita\/\" \/>\n<meta property=\"article:modified_time\" content=\"2024-10-03T13:45:41+00:00\" \/>\n<meta property=\"og:image\" content=\"https:\/\/www.clinicdrbita.com\/wp-content\/uploads\/2024\/12\/454575122_835452175444028_2305386231921421344_n.jpg\" \/>\n\t<meta property=\"og:image:width\" content=\"1563\" \/>\n\t<meta property=\"og:image:height\" content=\"1563\" \/>\n\t<meta property=\"og:image:type\" content=\"image\/jpeg\" \/>\n<meta name=\"twitter:card\" content=\"summary_large_image\" \/>\n<meta name=\"twitter:site\" content=\"@ClinicDrBita\" \/>\n<meta name=\"twitter:label1\" content=\"Dur\u00e9e de lecture estim\u00e9e\" \/>\n\t<meta name=\"twitter:data1\" content=\"2 minutes\" \/>\n<script type=\"application\/ld+json\" class=\"yoast-schema-graph\">{\"@context\":\"https:\/\/schema.org\",\"@graph\":[{\"@type\":\"WebPage\",\"@id\":\"https:\/\/www.clinicdrbita.com\/fr\/confidentialite\/\",\"url\":\"https:\/\/www.clinicdrbita.com\/fr\/confidentialite\/\",\"name\":\"Politique de confidentialit\u00e9 | Clinique Dr Bita\",\"isPartOf\":{\"@id\":\"https:\/\/www.clinicdrbita.com\/#website\"},\"datePublished\":\"2024-07-31T23:13:56+00:00\",\"dateModified\":\"2024-10-03T13:45:41+00:00\",\"description\":\"Consultez notre politique de confidentialit\u00e9 pour comprendre comment nous prot\u00e9geons vos donn\u00e9es et assurons la confidentialit\u00e9 de votre sant\u00e9 mentale.\",\"breadcrumb\":{\"@id\":\"https:\/\/www.clinicdrbita.com\/fr\/confidentialite\/#breadcrumb\"},\"inLanguage\":\"fr-FR\",\"potentialAction\":[{\"@type\":\"ReadAction\",\"target\":[\"https:\/\/www.clinicdrbita.com\/fr\/confidentialite\/\"]}]},{\"@type\":\"BreadcrumbList\",\"@id\":\"https:\/\/www.clinicdrbita.com\/fr\/confidentialite\/#breadcrumb\",\"itemListElement\":[{\"@type\":\"ListItem\",\"position\":1,\"name\":\"Home\",\"item\":\"https:\/\/www.clinicdrbita.com\/fr\/\"},{\"@type\":\"ListItem\",\"position\":2,\"name\":\"Confidentialit\u00e9\"}]},{\"@type\":\"WebSite\",\"@id\":\"https:\/\/www.clinicdrbita.com\/#website\",\"url\":\"https:\/\/www.clinicdrbita.com\/\",\"name\":\"Clinic Dr Bita\",\"description\":\"Compassionate and personalized mental health support\",\"publisher\":{\"@id\":\"https:\/\/www.clinicdrbita.com\/#organization\"},\"alternateName\":\"Clinic Dr Bita Psychologists\",\"potentialAction\":[{\"@type\":\"SearchAction\",\"target\":{\"@type\":\"EntryPoint\",\"urlTemplate\":\"https:\/\/www.clinicdrbita.com\/?s={search_term_string}\"},\"query-input\":{\"@type\":\"PropertyValueSpecification\",\"valueRequired\":true,\"valueName\":\"search_term_string\"}}],\"inLanguage\":\"fr-FR\"},{\"@type\":\"Organization\",\"@id\":\"https:\/\/www.clinicdrbita.com\/#organization\",\"name\":\"Clinic Dr Bita\",\"alternateName\":\"Clinic Dr Bita Psychologists\",\"url\":\"https:\/\/www.clinicdrbita.com\/\",\"logo\":{\"@type\":\"ImageObject\",\"inLanguage\":\"fr-FR\",\"@id\":\"https:\/\/www.clinicdrbita.com\/#\/schema\/logo\/image\/\",\"url\":\"https:\/\/www.clinicdrbita.com\/wp-content\/uploads\/2024\/08\/favicon.png\",\"contentUrl\":\"https:\/\/www.clinicdrbita.com\/wp-content\/uploads\/2024\/08\/favicon.png\",\"width\":100,\"height\":100,\"caption\":\"Clinic Dr Bita\"},\"image\":{\"@id\":\"https:\/\/www.clinicdrbita.com\/#\/schema\/logo\/image\/\"},\"sameAs\":[\"https:\/\/www.facebook.com\/ClinicDrBita\/\",\"https:\/\/x.com\/ClinicDrBita\"]}]}<\/script>\n<!-- \/ Yoast SEO plugin. -->","yoast_head_json":{"title":"Politique de confidentialit\u00e9 | Clinique Dr Bita","description":"Consultez notre politique de confidentialit\u00e9 pour comprendre comment nous prot\u00e9geons vos donn\u00e9es et assurons la confidentialit\u00e9 de votre sant\u00e9 mentale.","robots":{"index":"index","follow":"follow","max-snippet":"max-snippet:-1","max-image-preview":"max-image-preview:large","max-video-preview":"max-video-preview:-1"},"canonical":"https:\/\/www.clinicdrbita.com\/fr\/confidentialite\/","og_locale":"fr_FR","og_type":"article","og_title":"Politique de confidentialit\u00e9 | Clinique Dr Bita","og_description":"Consultez notre politique de confidentialit\u00e9 pour comprendre comment nous prot\u00e9geons vos donn\u00e9es et assurons la confidentialit\u00e9 de votre sant\u00e9 mentale.","og_url":"https:\/\/www.clinicdrbita.com\/fr\/confidentialite\/","og_site_name":"Clinic Dr Bita","article_publisher":"https:\/\/www.facebook.com\/ClinicDrBita\/","article_modified_time":"2024-10-03T13:45:41+00:00","og_image":[{"width":1563,"height":1563,"url":"https:\/\/www.clinicdrbita.com\/wp-content\/uploads\/2024\/12\/454575122_835452175444028_2305386231921421344_n.jpg","type":"image\/jpeg"}],"twitter_card":"summary_large_image","twitter_site":"@ClinicDrBita","twitter_misc":{"Dur\u00e9e de lecture estim\u00e9e":"2 minutes"},"schema":{"@context":"https:\/\/schema.org","@graph":[{"@type":"WebPage","@id":"https:\/\/www.clinicdrbita.com\/fr\/confidentialite\/","url":"https:\/\/www.clinicdrbita.com\/fr\/confidentialite\/","name":"Politique de confidentialit\u00e9 | Clinique Dr Bita","isPartOf":{"@id":"https:\/\/www.clinicdrbita.com\/#website"},"datePublished":"2024-07-31T23:13:56+00:00","dateModified":"2024-10-03T13:45:41+00:00","description":"Consultez notre politique de confidentialit\u00e9 pour comprendre comment nous prot\u00e9geons vos donn\u00e9es et assurons la confidentialit\u00e9 de votre sant\u00e9 mentale.","breadcrumb":{"@id":"https:\/\/www.clinicdrbita.com\/fr\/confidentialite\/#breadcrumb"},"inLanguage":"fr-FR","potentialAction":[{"@type":"ReadAction","target":["https:\/\/www.clinicdrbita.com\/fr\/confidentialite\/"]}]},{"@type":"BreadcrumbList","@id":"https:\/\/www.clinicdrbita.com\/fr\/confidentialite\/#breadcrumb","itemListElement":[{"@type":"ListItem","position":1,"name":"Home","item":"https:\/\/www.clinicdrbita.com\/fr\/"},{"@type":"ListItem","position":2,"name":"Confidentialit\u00e9"}]},{"@type":"WebSite","@id":"https:\/\/www.clinicdrbita.com\/#website","url":"https:\/\/www.clinicdrbita.com\/","name":"Clinic Dr Bita","description":"Compassionate and personalized mental health support","publisher":{"@id":"https:\/\/www.clinicdrbita.com\/#organization"},"alternateName":"Clinic Dr Bita Psychologists","potentialAction":[{"@type":"SearchAction","target":{"@type":"EntryPoint","urlTemplate":"https:\/\/www.clinicdrbita.com\/?s={search_term_string}"},"query-input":{"@type":"PropertyValueSpecification","valueRequired":true,"valueName":"search_term_string"}}],"inLanguage":"fr-FR"},{"@type":"Organization","@id":"https:\/\/www.clinicdrbita.com\/#organization","name":"Clinic Dr Bita","alternateName":"Clinic Dr Bita Psychologists","url":"https:\/\/www.clinicdrbita.com\/","logo":{"@type":"ImageObject","inLanguage":"fr-FR","@id":"https:\/\/www.clinicdrbita.com\/#\/schema\/logo\/image\/","url":"https:\/\/www.clinicdrbita.com\/wp-content\/uploads\/2024\/08\/favicon.png","contentUrl":"https:\/\/www.clinicdrbita.com\/wp-content\/uploads\/2024\/08\/favicon.png","width":100,"height":100,"caption":"Clinic Dr Bita"},"image":{"@id":"https:\/\/www.clinicdrbita.com\/#\/schema\/logo\/image\/"},"sameAs":["https:\/\/www.facebook.com\/ClinicDrBita\/","https:\/\/x.com\/ClinicDrBita"]}]}},"_links":{"self":[{"href":"https:\/\/www.clinicdrbita.com\/fr\/wp-json\/wp\/v2\/pages\/3565","targetHints":{"allow":["GET"]}}],"collection":[{"href":"https:\/\/www.clinicdrbita.com\/fr\/wp-json\/wp\/v2\/pages"}],"about":[{"href":"https:\/\/www.clinicdrbita.com\/fr\/wp-json\/wp\/v2\/types\/page"}],"author":[{"embeddable":true,"href":"https:\/\/www.clinicdrbita.com\/fr\/wp-json\/wp\/v2\/users\/2"}],"replies":[{"embeddable":true,"href":"https:\/\/www.clinicdrbita.com\/fr\/wp-json\/wp\/v2\/comments?post=3565"}],"version-history":[{"count":2,"href":"https:\/\/www.clinicdrbita.com\/fr\/wp-json\/wp\/v2\/pages\/3565\/revisions"}],"predecessor-version":[{"id":3806,"href":"https:\/\/www.clinicdrbita.com\/fr\/wp-json\/wp\/v2\/pages\/3565\/revisions\/3806"}],"wp:attachment":[{"href":"https:\/\/www.clinicdrbita.com\/fr\/wp-json\/wp\/v2\/media?parent=3565"}],"curies":[{"name":"wp","href":"https:\/\/api.w.org\/{rel}","templated":true}]}}