{"id":3618,"date":"2024-08-07T17:09:51","date_gmt":"2024-08-07T21:09:51","guid":{"rendered":"https:\/\/www.clinicdrbita.com\/online-booking\/"},"modified":"2024-10-03T09:58:15","modified_gmt":"2024-10-03T13:58:15","slug":"rendez-vous-en-ligne","status":"publish","type":"page","link":"https:\/\/www.clinicdrbita.com\/fr\/rendez-vous-en-ligne\/","title":{"rendered":"RENDEZ-VOUS EN LIGNE"},"content":{"rendered":"\t\t<div data-elementor-type=\"wp-page\" data-elementor-id=\"3618\" class=\"elementor elementor-3618 elementor-3615\" data-elementor-post-type=\"page\">\n\t\t\t\t<div class=\"elementor-element elementor-element-5996af8d e-flex e-con-boxed e-con e-parent\" data-id=\"5996af8d\" data-element_type=\"container\">\n\t\t\t\t\t<div class=\"e-con-inner\">\n\t\t\t\t<div class=\"elementor-element elementor-element-28c98ffb elementor-widget elementor-widget-text-editor\" data-id=\"28c98ffb\" data-element_type=\"widget\" data-widget_type=\"text-editor.default\">\n\t\t\t\t<div class=\"elementor-widget-container\">\n\t\t\t\t\t\t\t\t\t<iframe id=\"cliniko-83491405\" style=\"pointer-events: auto;\" src=\"https:\/\/clinique-dr-bita-inc.cliniko.com\/bookings?embedded=true\" width=\"100%\" height=\"1000\" frameborder=\"0\" scrolling=\"auto\"><\/iframe>\r\n<script type='text\/javascript'>\r\n  window.addEventListener('message', function handleIFrameMessage (e) {\r\n    var clinikoBookings = document.getElementById('cliniko-83491405');\r\n    if (typeof e.data !== 'string') return;\r\n    if (e.data.search('cliniko-bookings-resize') > -1) {\r\n      var height = Number(e.data.split(':')[1]);\r\n      clinikoBookings.style.height = height + 'px';\r\n    }\r\n    e.data.search('cliniko-bookings-page') > -1 && clinikoBookings.scrollIntoView();\r\n  });\r\n<\/script>\t\t\t\t\t\t\t\t<\/div>\n\t\t\t\t<\/div>\n\t\t\t\t\t<\/div>\n\t\t\t\t<\/div>\n\t\t\t\t<\/div>\n\t\t","protected":false},"excerpt":{"rendered":"","protected":false},"author":1,"featured_media":0,"parent":0,"menu_order":12,"comment_status":"closed","ping_status":"closed","template":"","meta":{"_acf_changed":false,"footnotes":""},"class_list":["post-3618","page","type-page","status-publish","hentry"],"acf":[],"yoast_head":"<!-- This site is optimized with the Yoast SEO plugin v25.0 - https:\/\/yoast.com\/wordpress\/plugins\/seo\/ -->\n<title>R\u00e9servez en ligne avec un psychologue ou un th\u00e9rapeute<\/title>\n<meta name=\"description\" content=\"R\u00e9servez facilement votre rendez-vous avec un psychologue ou un th\u00e9rapeute en ligne. Acc\u00e9dez \u00e0 des services de sant\u00e9 mentale dans le confort de votre maison.\" \/>\n<meta name=\"robots\" content=\"index, follow, max-snippet:-1, max-image-preview:large, max-video-preview:-1\" \/>\n<link rel=\"canonical\" href=\"https:\/\/www.clinicdrbita.com\/fr\/rendez-vous-en-ligne\/\" \/>\n<meta property=\"og:locale\" content=\"fr_FR\" \/>\n<meta property=\"og:type\" content=\"article\" \/>\n<meta property=\"og:title\" content=\"R\u00e9servez en ligne avec un psychologue ou un th\u00e9rapeute\" \/>\n<meta property=\"og:description\" content=\"R\u00e9servez facilement votre rendez-vous avec un psychologue ou un th\u00e9rapeute en ligne. Acc\u00e9dez \u00e0 des services de sant\u00e9 mentale dans le confort de votre maison.\" \/>\n<meta property=\"og:url\" content=\"https:\/\/www.clinicdrbita.com\/fr\/rendez-vous-en-ligne\/\" \/>\n<meta property=\"og:site_name\" content=\"Clinic Dr Bita\" \/>\n<meta property=\"article:publisher\" content=\"https:\/\/www.facebook.com\/ClinicDrBita\/\" \/>\n<meta property=\"article:modified_time\" content=\"2024-10-03T13:58:15+00:00\" \/>\n<meta property=\"og:image\" content=\"https:\/\/www.clinicdrbita.com\/wp-content\/uploads\/2024\/12\/454575122_835452175444028_2305386231921421344_n.jpg\" \/>\n\t<meta property=\"og:image:width\" content=\"1563\" \/>\n\t<meta property=\"og:image:height\" content=\"1563\" \/>\n\t<meta property=\"og:image:type\" content=\"image\/jpeg\" \/>\n<meta name=\"twitter:card\" content=\"summary_large_image\" \/>\n<meta name=\"twitter:site\" content=\"@ClinicDrBita\" \/>\n<script type=\"application\/ld+json\" class=\"yoast-schema-graph\">{\"@context\":\"https:\/\/schema.org\",\"@graph\":[{\"@type\":\"WebPage\",\"@id\":\"https:\/\/www.clinicdrbita.com\/fr\/rendez-vous-en-ligne\/\",\"url\":\"https:\/\/www.clinicdrbita.com\/fr\/rendez-vous-en-ligne\/\",\"name\":\"R\u00e9servez en ligne avec un psychologue ou un th\u00e9rapeute\",\"isPartOf\":{\"@id\":\"https:\/\/www.clinicdrbita.com\/#website\"},\"datePublished\":\"2024-08-07T21:09:51+00:00\",\"dateModified\":\"2024-10-03T13:58:15+00:00\",\"description\":\"R\u00e9servez facilement votre rendez-vous avec un psychologue ou un th\u00e9rapeute en ligne. Acc\u00e9dez \u00e0 des services de sant\u00e9 mentale dans le confort de votre maison.\",\"breadcrumb\":{\"@id\":\"https:\/\/www.clinicdrbita.com\/fr\/rendez-vous-en-ligne\/#breadcrumb\"},\"inLanguage\":\"fr-FR\",\"potentialAction\":[{\"@type\":\"ReadAction\",\"target\":[\"https:\/\/www.clinicdrbita.com\/fr\/rendez-vous-en-ligne\/\"]}]},{\"@type\":\"BreadcrumbList\",\"@id\":\"https:\/\/www.clinicdrbita.com\/fr\/rendez-vous-en-ligne\/#breadcrumb\",\"itemListElement\":[{\"@type\":\"ListItem\",\"position\":1,\"name\":\"Home\",\"item\":\"https:\/\/www.clinicdrbita.com\/fr\/\"},{\"@type\":\"ListItem\",\"position\":2,\"name\":\"RENDEZ-VOUS EN LIGNE\"}]},{\"@type\":\"WebSite\",\"@id\":\"https:\/\/www.clinicdrbita.com\/#website\",\"url\":\"https:\/\/www.clinicdrbita.com\/\",\"name\":\"Clinic Dr Bita\",\"description\":\"Compassionate and personalized mental health support\",\"publisher\":{\"@id\":\"https:\/\/www.clinicdrbita.com\/#organization\"},\"alternateName\":\"Clinic Dr Bita Psychologists\",\"potentialAction\":[{\"@type\":\"SearchAction\",\"target\":{\"@type\":\"EntryPoint\",\"urlTemplate\":\"https:\/\/www.clinicdrbita.com\/?s={search_term_string}\"},\"query-input\":{\"@type\":\"PropertyValueSpecification\",\"valueRequired\":true,\"valueName\":\"search_term_string\"}}],\"inLanguage\":\"fr-FR\"},{\"@type\":\"Organization\",\"@id\":\"https:\/\/www.clinicdrbita.com\/#organization\",\"name\":\"Clinic Dr Bita\",\"alternateName\":\"Clinic Dr Bita Psychologists\",\"url\":\"https:\/\/www.clinicdrbita.com\/\",\"logo\":{\"@type\":\"ImageObject\",\"inLanguage\":\"fr-FR\",\"@id\":\"https:\/\/www.clinicdrbita.com\/#\/schema\/logo\/image\/\",\"url\":\"https:\/\/www.clinicdrbita.com\/wp-content\/uploads\/2024\/08\/favicon.png\",\"contentUrl\":\"https:\/\/www.clinicdrbita.com\/wp-content\/uploads\/2024\/08\/favicon.png\",\"width\":100,\"height\":100,\"caption\":\"Clinic Dr Bita\"},\"image\":{\"@id\":\"https:\/\/www.clinicdrbita.com\/#\/schema\/logo\/image\/\"},\"sameAs\":[\"https:\/\/www.facebook.com\/ClinicDrBita\/\",\"https:\/\/x.com\/ClinicDrBita\"]}]}<\/script>\n<!-- \/ Yoast SEO plugin. -->","yoast_head_json":{"title":"R\u00e9servez en ligne avec un psychologue ou un th\u00e9rapeute","description":"R\u00e9servez facilement votre rendez-vous avec un psychologue ou un th\u00e9rapeute en ligne. Acc\u00e9dez \u00e0 des services de sant\u00e9 mentale dans le confort de votre maison.","robots":{"index":"index","follow":"follow","max-snippet":"max-snippet:-1","max-image-preview":"max-image-preview:large","max-video-preview":"max-video-preview:-1"},"canonical":"https:\/\/www.clinicdrbita.com\/fr\/rendez-vous-en-ligne\/","og_locale":"fr_FR","og_type":"article","og_title":"R\u00e9servez en ligne avec un psychologue ou un th\u00e9rapeute","og_description":"R\u00e9servez facilement votre rendez-vous avec un psychologue ou un th\u00e9rapeute en ligne. Acc\u00e9dez \u00e0 des services de sant\u00e9 mentale dans le confort de votre maison.","og_url":"https:\/\/www.clinicdrbita.com\/fr\/rendez-vous-en-ligne\/","og_site_name":"Clinic Dr Bita","article_publisher":"https:\/\/www.facebook.com\/ClinicDrBita\/","article_modified_time":"2024-10-03T13:58:15+00:00","og_image":[{"width":1563,"height":1563,"url":"https:\/\/www.clinicdrbita.com\/wp-content\/uploads\/2024\/12\/454575122_835452175444028_2305386231921421344_n.jpg","type":"image\/jpeg"}],"twitter_card":"summary_large_image","twitter_site":"@ClinicDrBita","schema":{"@context":"https:\/\/schema.org","@graph":[{"@type":"WebPage","@id":"https:\/\/www.clinicdrbita.com\/fr\/rendez-vous-en-ligne\/","url":"https:\/\/www.clinicdrbita.com\/fr\/rendez-vous-en-ligne\/","name":"R\u00e9servez en ligne avec un psychologue ou un th\u00e9rapeute","isPartOf":{"@id":"https:\/\/www.clinicdrbita.com\/#website"},"datePublished":"2024-08-07T21:09:51+00:00","dateModified":"2024-10-03T13:58:15+00:00","description":"R\u00e9servez facilement votre rendez-vous avec un psychologue ou un th\u00e9rapeute en ligne. Acc\u00e9dez \u00e0 des services de sant\u00e9 mentale dans le confort de votre maison.","breadcrumb":{"@id":"https:\/\/www.clinicdrbita.com\/fr\/rendez-vous-en-ligne\/#breadcrumb"},"inLanguage":"fr-FR","potentialAction":[{"@type":"ReadAction","target":["https:\/\/www.clinicdrbita.com\/fr\/rendez-vous-en-ligne\/"]}]},{"@type":"BreadcrumbList","@id":"https:\/\/www.clinicdrbita.com\/fr\/rendez-vous-en-ligne\/#breadcrumb","itemListElement":[{"@type":"ListItem","position":1,"name":"Home","item":"https:\/\/www.clinicdrbita.com\/fr\/"},{"@type":"ListItem","position":2,"name":"RENDEZ-VOUS EN LIGNE"}]},{"@type":"WebSite","@id":"https:\/\/www.clinicdrbita.com\/#website","url":"https:\/\/www.clinicdrbita.com\/","name":"Clinic Dr Bita","description":"Compassionate and personalized mental health support","publisher":{"@id":"https:\/\/www.clinicdrbita.com\/#organization"},"alternateName":"Clinic Dr Bita Psychologists","potentialAction":[{"@type":"SearchAction","target":{"@type":"EntryPoint","urlTemplate":"https:\/\/www.clinicdrbita.com\/?s={search_term_string}"},"query-input":{"@type":"PropertyValueSpecification","valueRequired":true,"valueName":"search_term_string"}}],"inLanguage":"fr-FR"},{"@type":"Organization","@id":"https:\/\/www.clinicdrbita.com\/#organization","name":"Clinic Dr Bita","alternateName":"Clinic Dr Bita Psychologists","url":"https:\/\/www.clinicdrbita.com\/","logo":{"@type":"ImageObject","inLanguage":"fr-FR","@id":"https:\/\/www.clinicdrbita.com\/#\/schema\/logo\/image\/","url":"https:\/\/www.clinicdrbita.com\/wp-content\/uploads\/2024\/08\/favicon.png","contentUrl":"https:\/\/www.clinicdrbita.com\/wp-content\/uploads\/2024\/08\/favicon.png","width":100,"height":100,"caption":"Clinic Dr Bita"},"image":{"@id":"https:\/\/www.clinicdrbita.com\/#\/schema\/logo\/image\/"},"sameAs":["https:\/\/www.facebook.com\/ClinicDrBita\/","https:\/\/x.com\/ClinicDrBita"]}]}},"_links":{"self":[{"href":"https:\/\/www.clinicdrbita.com\/fr\/wp-json\/wp\/v2\/pages\/3618","targetHints":{"allow":["GET"]}}],"collection":[{"href":"https:\/\/www.clinicdrbita.com\/fr\/wp-json\/wp\/v2\/pages"}],"about":[{"href":"https:\/\/www.clinicdrbita.com\/fr\/wp-json\/wp\/v2\/types\/page"}],"author":[{"embeddable":true,"href":"https:\/\/www.clinicdrbita.com\/fr\/wp-json\/wp\/v2\/users\/1"}],"replies":[{"embeddable":true,"href":"https:\/\/www.clinicdrbita.com\/fr\/wp-json\/wp\/v2\/comments?post=3618"}],"version-history":[{"count":2,"href":"https:\/\/www.clinicdrbita.com\/fr\/wp-json\/wp\/v2\/pages\/3618\/revisions"}],"predecessor-version":[{"id":3622,"href":"https:\/\/www.clinicdrbita.com\/fr\/wp-json\/wp\/v2\/pages\/3618\/revisions\/3622"}],"wp:attachment":[{"href":"https:\/\/www.clinicdrbita.com\/fr\/wp-json\/wp\/v2\/media?parent=3618"}],"curies":[{"name":"wp","href":"https:\/\/api.w.org\/{rel}","templated":true}]}}