{"id":3997,"date":"2025-03-11T14:44:37","date_gmt":"2025-03-11T18:44:37","guid":{"rendered":"https:\/\/www.clinicdrbita.com\/evaluations-neurocognitives\/"},"modified":"2026-01-19T15:10:28","modified_gmt":"2026-01-19T20:10:28","slug":"evaluations-neurocognitives","status":"publish","type":"page","link":"https:\/\/www.clinicdrbita.com\/fr\/evaluations-neurocognitives\/","title":{"rendered":"\u00c9valuations Neurocognitives"},"content":{"rendered":"\t\t<div data-elementor-type=\"wp-page\" data-elementor-id=\"3997\" class=\"elementor elementor-3997 elementor-3915\" data-elementor-post-type=\"page\">\n\t\t\t\t<div class=\"elementor-element elementor-element-9449400 e-flex e-con-boxed e-con e-parent\" data-id=\"9449400\" data-element_type=\"container\" data-settings=\"{&quot;background_background&quot;:&quot;classic&quot;}\">\n\t\t\t\t\t<div class=\"e-con-inner\">\n\t\t\t\t<div class=\"elementor-element elementor-element-02d7c33 elementor-widget elementor-widget-heading\" data-id=\"02d7c33\" data-element_type=\"widget\" data-widget_type=\"heading.default\">\n\t\t\t\t<div class=\"elementor-widget-container\">\n\t\t\t\t\t<h1 class=\"elementor-heading-title elementor-size-default\">\u00c9valuations Neurocognitives<\/h1>\t\t\t\t<\/div>\n\t\t\t\t<\/div>\n\t\t\t\t<div class=\"elementor-element elementor-element-03b79b2 elementor-widget elementor-widget-heading\" data-id=\"03b79b2\" data-element_type=\"widget\" data-widget_type=\"heading.default\">\n\t\t\t\t<div class=\"elementor-widget-container\">\n\t\t\t\t\t<h2 class=\"elementor-heading-title elementor-size-default\">Comprendre le fonctionnement cognitif<\/h2>\t\t\t\t<\/div>\n\t\t\t\t<\/div>\n\t\t\t\t<div class=\"elementor-element elementor-element-09ec197 elementor-widget elementor-widget-text-editor\" data-id=\"09ec197\" data-element_type=\"widget\" data-widget_type=\"text-editor.default\">\n\t\t\t\t<div class=\"elementor-widget-container\">\n\t\t\t\t\t\t\t\t\t<p><span style=\"font-weight: 400;\">Les \u00e9valuations neurocognitives permettent aux individus de mieux comprendre leurs forces et faiblesses cognitives. Nos neuropsychologues utilisent des outils valid\u00e9s scientifiquement pour diagnostiquer et g\u00e9rer les troubles affectant l\u2019apprentissage, la m\u00e9moire et l\u2019attention.<\/span><\/p>\n\t\t\t\t\t\t\t\t<\/div>\n\t\t\t\t<\/div>\n\t\t\t\t<div class=\"elementor-element elementor-element-190ca86 elementor-widget elementor-widget-button\" data-id=\"190ca86\" data-element_type=\"widget\" data-widget_type=\"button.default\">\n\t\t\t\t<div class=\"elementor-widget-container\">\n\t\t\t\t\t\t\t\t\t<div class=\"elementor-button-wrapper\">\n\t\t\t\t\t<a class=\"elementor-button elementor-button-link elementor-size-sm\" href=\"https:\/\/www.clinicdrbita.com\/fr\/contactez-nous\/\">\n\t\t\t\t\t\t<span class=\"elementor-button-content-wrapper\">\n\t\t\t\t\t\t<span class=\"elementor-button-icon\">\n\t\t\t\t<svg xmlns=\"http:\/\/www.w3.org\/2000\/svg\" width=\"20\" height=\"20\" viewBox=\"0 0 20 20\" fill=\"none\"><g clip-path=\"url(#clip0_560_6202)\"><path d=\"M2.7816 5.83335C4.22247 3.34252 6.91557 1.66669 10.0001 1.66669C14.6025 1.66669 18.3334 5.39765 18.3334 10C18.3334 14.6024 14.6025 18.3334 10.0001 18.3334C6.91557 18.3334 4.22247 16.6575 2.7816 14.1667M10 13.3334L13.3334 10M13.3334 10L10 6.66669M13.3334 10H1.66669\" stroke=\"#F1F1F1\" stroke-width=\"1.66667\" stroke-linecap=\"round\" stroke-linejoin=\"round\"><\/path><\/g><defs><clipPath id=\"clip0_560_6202\"><rect width=\"20\" height=\"20\" fill=\"white\"><\/rect><\/clipPath><\/defs><\/svg>\t\t\t<\/span>\n\t\t\t\t\t\t\t\t\t<span class=\"elementor-button-text\">Contactez-nous<\/span>\n\t\t\t\t\t<\/span>\n\t\t\t\t\t<\/a>\n\t\t\t\t<\/div>\n\t\t\t\t\t\t\t\t<\/div>\n\t\t\t\t<\/div>\n\t\t\t\t\t<\/div>\n\t\t\t\t<\/div>\n\t\t<div class=\"elementor-element elementor-element-0199b2a e-flex e-con-boxed e-con e-parent\" data-id=\"0199b2a\" data-element_type=\"container\">\n\t\t\t\t\t<div class=\"e-con-inner\">\n\t\t<div class=\"elementor-element elementor-element-819c60c e-con-full e-flex e-con e-child\" data-id=\"819c60c\" data-element_type=\"container\">\n\t\t\t\t<div class=\"elementor-element elementor-element-41b0898 elementor-widget elementor-widget-heading\" data-id=\"41b0898\" data-element_type=\"widget\" data-widget_type=\"heading.default\">\n\t\t\t\t<div class=\"elementor-widget-container\">\n\t\t\t\t\t<h2 class=\"elementor-heading-title elementor-size-default\">Qui peut en b\u00e9n\u00e9ficier ?<\/h2>\t\t\t\t<\/div>\n\t\t\t\t<\/div>\n\t\t\t\t<div class=\"elementor-element elementor-element-9dc17eb elementor-widget elementor-widget-text-editor\" data-id=\"9dc17eb\" data-element_type=\"widget\" data-widget_type=\"text-editor.default\">\n\t\t\t\t<div class=\"elementor-widget-container\">\n\t\t\t\t\t\t\t\t\t<p>Ces \u00e9valuations sont utiles pour les personnes qui :<\/p>\n<ul>\n<li>Ont des difficult\u00e9s d\u2019attention, de concentration ou de fonctions ex\u00e9cutives<\/li>\n<li>\u00c9prouvent des troubles d\u2019apprentissage, y compris la dyslexie et les troubles du traitement de l\u2019information<\/li>\n<li>Soup\u00e7onnent un TDAH ou d\u2019autres troubles neurod\u00e9veloppementaux<\/li>\n<li>Pr\u00e9sentent des pertes de m\u00e9moire ou un d\u00e9clin cognitif<\/li>\n<\/ul>\n\t\t\t\t\t\t\t\t<\/div>\n\t\t\t\t<\/div>\n\t\t\t\t<div class=\"elementor-element elementor-element-bd8f174 elementor-widget elementor-widget-button\" data-id=\"bd8f174\" data-element_type=\"widget\" data-widget_type=\"button.default\">\n\t\t\t\t<div class=\"elementor-widget-container\">\n\t\t\t\t\t\t\t\t\t<div class=\"elementor-button-wrapper\">\n\t\t\t\t\t<a class=\"elementor-button elementor-button-link elementor-size-sm\" href=\"https:\/\/www.clinicdrbita.com\/fr\/contactez-nous\/\">\n\t\t\t\t\t\t<span class=\"elementor-button-content-wrapper\">\n\t\t\t\t\t\t<span class=\"elementor-button-icon\">\n\t\t\t\t<svg xmlns=\"http:\/\/www.w3.org\/2000\/svg\" width=\"20\" height=\"20\" viewBox=\"0 0 20 20\" fill=\"none\"><g clip-path=\"url(#clip0_560_6202)\"><path d=\"M2.7816 5.83335C4.22247 3.34252 6.91557 1.66669 10.0001 1.66669C14.6025 1.66669 18.3334 5.39765 18.3334 10C18.3334 14.6024 14.6025 18.3334 10.0001 18.3334C6.91557 18.3334 4.22247 16.6575 2.7816 14.1667M10 13.3334L13.3334 10M13.3334 10L10 6.66669M13.3334 10H1.66669\" stroke=\"#F1F1F1\" stroke-width=\"1.66667\" stroke-linecap=\"round\" stroke-linejoin=\"round\"><\/path><\/g><defs><clipPath id=\"clip0_560_6202\"><rect width=\"20\" height=\"20\" fill=\"white\"><\/rect><\/clipPath><\/defs><\/svg>\t\t\t<\/span>\n\t\t\t\t\t\t\t\t\t<span class=\"elementor-button-text\">Prendre rendez-vous<\/span>\n\t\t\t\t\t<\/span>\n\t\t\t\t\t<\/a>\n\t\t\t\t<\/div>\n\t\t\t\t\t\t\t\t<\/div>\n\t\t\t\t<\/div>\n\t\t\t\t<\/div>\n\t\t<div class=\"elementor-element elementor-element-5c08130 e-con-full e-flex e-con e-child\" data-id=\"5c08130\" data-element_type=\"container\">\n\t\t\t\t<div class=\"elementor-element elementor-element-af9020d elementor-widget elementor-widget-image\" data-id=\"af9020d\" data-element_type=\"widget\" data-widget_type=\"image.default\">\n\t\t\t\t<div class=\"elementor-widget-container\">\n\t\t\t\t\t\t\t\t\t\t\t\t\t\t\t<img fetchpriority=\"high\" decoding=\"async\" width=\"2560\" height=\"1708\" src=\"https:\/\/www.clinicdrbita.com\/wp-content\/uploads\/2025\/03\/pexels-olly-3760132-scaled.jpg\" class=\"attachment-full size-full wp-image-3937\" alt=\"\" srcset=\"https:\/\/www.clinicdrbita.com\/wp-content\/uploads\/2025\/03\/pexels-olly-3760132-scaled.jpg 2560w, https:\/\/www.clinicdrbita.com\/wp-content\/uploads\/2025\/03\/pexels-olly-3760132-300x200.jpg 300w, https:\/\/www.clinicdrbita.com\/wp-content\/uploads\/2025\/03\/pexels-olly-3760132-1024x683.jpg 1024w, https:\/\/www.clinicdrbita.com\/wp-content\/uploads\/2025\/03\/pexels-olly-3760132-768x513.jpg 768w, https:\/\/www.clinicdrbita.com\/wp-content\/uploads\/2025\/03\/pexels-olly-3760132-1536x1025.jpg 1536w, https:\/\/www.clinicdrbita.com\/wp-content\/uploads\/2025\/03\/pexels-olly-3760132-2048x1367.jpg 2048w\" sizes=\"(max-width: 2560px) 100vw, 2560px\" \/>\t\t\t\t\t\t\t\t\t\t\t\t\t\t\t<\/div>\n\t\t\t\t<\/div>\n\t\t\t\t<\/div>\n\t\t\t\t\t<\/div>\n\t\t\t\t<\/div>\n\t\t<div class=\"elementor-element elementor-element-5b6d522 e-flex e-con-boxed e-con e-parent\" data-id=\"5b6d522\" data-element_type=\"container\">\n\t\t\t\t\t<div class=\"e-con-inner\">\n\t\t<div class=\"elementor-element elementor-element-646e811 e-con-full e-flex e-con e-child\" data-id=\"646e811\" data-element_type=\"container\">\n\t\t\t\t<div class=\"elementor-element elementor-element-e2a669b elementor-widget elementor-widget-image\" data-id=\"e2a669b\" data-element_type=\"widget\" data-widget_type=\"image.default\">\n\t\t\t\t<div class=\"elementor-widget-container\">\n\t\t\t\t\t\t\t\t\t\t\t\t\t\t\t<img decoding=\"async\" width=\"2560\" height=\"1707\" src=\"https:\/\/www.clinicdrbita.com\/wp-content\/uploads\/2025\/03\/pexels-shvets-production-7176076-scaled.jpg\" class=\"attachment-full size-full wp-image-3939\" alt=\"\" srcset=\"https:\/\/www.clinicdrbita.com\/wp-content\/uploads\/2025\/03\/pexels-shvets-production-7176076-scaled.jpg 2560w, https:\/\/www.clinicdrbita.com\/wp-content\/uploads\/2025\/03\/pexels-shvets-production-7176076-300x200.jpg 300w, https:\/\/www.clinicdrbita.com\/wp-content\/uploads\/2025\/03\/pexels-shvets-production-7176076-1024x683.jpg 1024w, https:\/\/www.clinicdrbita.com\/wp-content\/uploads\/2025\/03\/pexels-shvets-production-7176076-768x512.jpg 768w, https:\/\/www.clinicdrbita.com\/wp-content\/uploads\/2025\/03\/pexels-shvets-production-7176076-1536x1024.jpg 1536w, https:\/\/www.clinicdrbita.com\/wp-content\/uploads\/2025\/03\/pexels-shvets-production-7176076-2048x1365.jpg 2048w\" sizes=\"(max-width: 2560px) 100vw, 2560px\" \/>\t\t\t\t\t\t\t\t\t\t\t\t\t\t\t<\/div>\n\t\t\t\t<\/div>\n\t\t\t\t<\/div>\n\t\t<div class=\"elementor-element elementor-element-4cf3659 e-con-full e-flex e-con e-child\" data-id=\"4cf3659\" data-element_type=\"container\">\n\t\t\t\t<div class=\"elementor-element elementor-element-1117997 elementor-widget elementor-widget-heading\" data-id=\"1117997\" data-element_type=\"widget\" data-widget_type=\"heading.default\">\n\t\t\t\t<div class=\"elementor-widget-container\">\n\t\t\t\t\t<h2 class=\"elementor-heading-title elementor-size-default\">\u00c0 quoi faut-il s'attendre ?<\/h2>\t\t\t\t<\/div>\n\t\t\t\t<\/div>\n\t\t\t\t<div class=\"elementor-element elementor-element-5a2c6a0 elementor-widget elementor-widget-text-editor\" data-id=\"5a2c6a0\" data-element_type=\"widget\" data-widget_type=\"text-editor.default\">\n\t\t\t\t<div class=\"elementor-widget-container\">\n\t\t\t\t\t\t\t\t\t<p>Notre processus d\u2019\u00e9valuation structur\u00e9 comprend :<\/p>\n<ul>\n<li>Entretien clinique : Collecte des ant\u00e9c\u00e9dents et des pr\u00e9occupations.<\/li>\n<li>Tests standardis\u00e9s : \u00c9valuations cognitives et neuropsychologiques adapt\u00e9es \u00e0 vos besoins.<\/li>\n<li>Rapport d\u00e9taill\u00e9 : Document complet pr\u00e9sentant les r\u00e9sultats et les recommandations pratiques.<\/li>\n<li>Consultation de suivi : S\u00e9ance avec un sp\u00e9cialiste pour discuter des r\u00e9sultats et des options de traitement.<\/li>\n<\/ul>\n\t\t\t\t\t\t\t\t<\/div>\n\t\t\t\t<\/div>\n\t\t\t\t<div class=\"elementor-element elementor-element-0ab9228 elementor-widget elementor-widget-button\" data-id=\"0ab9228\" data-element_type=\"widget\" data-widget_type=\"button.default\">\n\t\t\t\t<div class=\"elementor-widget-container\">\n\t\t\t\t\t\t\t\t\t<div class=\"elementor-button-wrapper\">\n\t\t\t\t\t<a class=\"elementor-button elementor-button-link elementor-size-sm\" href=\"https:\/\/www.clinicdrbita.com\/fr\/contactez-nous\/\">\n\t\t\t\t\t\t<span class=\"elementor-button-content-wrapper\">\n\t\t\t\t\t\t<span class=\"elementor-button-icon\">\n\t\t\t\t<svg xmlns=\"http:\/\/www.w3.org\/2000\/svg\" width=\"20\" height=\"20\" viewBox=\"0 0 20 20\" fill=\"none\"><g clip-path=\"url(#clip0_560_6202)\"><path d=\"M2.7816 5.83335C4.22247 3.34252 6.91557 1.66669 10.0001 1.66669C14.6025 1.66669 18.3334 5.39765 18.3334 10C18.3334 14.6024 14.6025 18.3334 10.0001 18.3334C6.91557 18.3334 4.22247 16.6575 2.7816 14.1667M10 13.3334L13.3334 10M13.3334 10L10 6.66669M13.3334 10H1.66669\" stroke=\"#F1F1F1\" stroke-width=\"1.66667\" stroke-linecap=\"round\" stroke-linejoin=\"round\"><\/path><\/g><defs><clipPath id=\"clip0_560_6202\"><rect width=\"20\" height=\"20\" fill=\"white\"><\/rect><\/clipPath><\/defs><\/svg>\t\t\t<\/span>\n\t\t\t\t\t\t\t\t\t<span class=\"elementor-button-text\">Contactez-nous<\/span>\n\t\t\t\t\t<\/span>\n\t\t\t\t\t<\/a>\n\t\t\t\t<\/div>\n\t\t\t\t\t\t\t\t<\/div>\n\t\t\t\t<\/div>\n\t\t\t\t<\/div>\n\t\t\t\t\t<\/div>\n\t\t\t\t<\/div>\n\t\t<div class=\"elementor-element elementor-element-4dfb2d7 e-flex e-con-boxed e-con e-parent\" data-id=\"4dfb2d7\" data-element_type=\"container\">\n\t\t\t\t\t<div class=\"e-con-inner\">\n\t\t\t\t<div class=\"elementor-element elementor-element-d216184 elementor-widget elementor-widget-heading\" data-id=\"d216184\" data-element_type=\"widget\" data-widget_type=\"heading.default\">\n\t\t\t\t<div class=\"elementor-widget-container\">\n\t\t\t\t\t<h2 class=\"elementor-heading-title elementor-size-default\">Prenez rendez-vous pour votre \u00e9valuation<\/h2>\t\t\t\t<\/div>\n\t\t\t\t<\/div>\n\t\t\t\t<div class=\"elementor-element elementor-element-1f91051 elementor-widget elementor-widget-text-editor\" data-id=\"1f91051\" data-element_type=\"widget\" data-widget_type=\"text-editor.default\">\n\t\t\t\t<div class=\"elementor-widget-container\">\n\t\t\t\t\t\t\t\t\t<p><span style=\"font-weight: 400;\">Si vous souffrez de difficult\u00e9s cognitives, n\u2019attendez pas. Planifiez votre \u00e9valuation neurocognitive d\u00e8s aujourd\u2019hui et obtenez les r\u00e9ponses dont vous avez besoin.<\/span><\/p>\n\t\t\t\t\t\t\t\t<\/div>\n\t\t\t\t<\/div>\n\t\t\t\t<div class=\"elementor-element elementor-element-dc03adb elementor-widget elementor-widget-button\" data-id=\"dc03adb\" data-element_type=\"widget\" data-widget_type=\"button.default\">\n\t\t\t\t<div class=\"elementor-widget-container\">\n\t\t\t\t\t\t\t\t\t<div class=\"elementor-button-wrapper\">\n\t\t\t\t\t<a class=\"elementor-button elementor-button-link elementor-size-sm\" href=\"https:\/\/www.clinicdrbita.com\/fr\/contactez-nous\/\">\n\t\t\t\t\t\t<span class=\"elementor-button-content-wrapper\">\n\t\t\t\t\t\t<span class=\"elementor-button-icon\">\n\t\t\t\t<svg xmlns=\"http:\/\/www.w3.org\/2000\/svg\" width=\"20\" height=\"20\" viewBox=\"0 0 20 20\" fill=\"none\"><g clip-path=\"url(#clip0_560_6202)\"><path d=\"M2.7816 5.83335C4.22247 3.34252 6.91557 1.66669 10.0001 1.66669C14.6025 1.66669 18.3334 5.39765 18.3334 10C18.3334 14.6024 14.6025 18.3334 10.0001 18.3334C6.91557 18.3334 4.22247 16.6575 2.7816 14.1667M10 13.3334L13.3334 10M13.3334 10L10 6.66669M13.3334 10H1.66669\" stroke=\"#F1F1F1\" stroke-width=\"1.66667\" stroke-linecap=\"round\" stroke-linejoin=\"round\"><\/path><\/g><defs><clipPath id=\"clip0_560_6202\"><rect width=\"20\" height=\"20\" fill=\"white\"><\/rect><\/clipPath><\/defs><\/svg>\t\t\t<\/span>\n\t\t\t\t\t\t\t\t\t<span class=\"elementor-button-text\">Prenez rendez-vous pour votre \u00e9valuation<\/span>\n\t\t\t\t\t<\/span>\n\t\t\t\t\t<\/a>\n\t\t\t\t<\/div>\n\t\t\t\t\t\t\t\t<\/div>\n\t\t\t\t<\/div>\n\t\t\t\t\t<\/div>\n\t\t\t\t<\/div>\n\t\t\t\t<\/div>\n\t\t","protected":false},"excerpt":{"rendered":"<p>\u00c9valuations Neurocognitives Comprendre le fonctionnement cognitif Les \u00e9valuations neurocognitives permettent aux individus de mieux comprendre leurs forces et faiblesses cognitives. Nos neuropsychologues utilisent des outils valid\u00e9s scientifiquement pour diagnostiquer et g\u00e9rer les troubles affectant l\u2019apprentissage, la m\u00e9moire et l\u2019attention. Contactez-nous Qui peut en b\u00e9n\u00e9ficier ? Ces \u00e9valuations sont utiles pour les personnes qui : Ont&#8230;<\/p>\n","protected":false},"author":1,"featured_media":0,"parent":0,"menu_order":2,"comment_status":"closed","ping_status":"closed","template":"","meta":{"_acf_changed":false,"footnotes":""},"class_list":["post-3997","page","type-page","status-publish","hentry"],"acf":[],"yoast_head":"<!-- This site is optimized with the Yoast SEO plugin v25.0 - https:\/\/yoast.com\/wordpress\/plugins\/seo\/ -->\n<title>\u00c9valuations Neurocognitives | Clinic Dr Bita<\/title>\n<meta name=\"description\" content=\"\u00c9valuations neurocognitives approfondies pour analyser les fonctions cognitives, mieux comprendre les difficult\u00e9s et orienter un accompagnement adapt\u00e9.\" \/>\n<meta name=\"robots\" content=\"index, follow, max-snippet:-1, max-image-preview:large, max-video-preview:-1\" \/>\n<link rel=\"canonical\" href=\"https:\/\/www.clinicdrbita.com\/fr\/evaluations-neurocognitives\/\" \/>\n<meta property=\"og:locale\" content=\"fr_FR\" \/>\n<meta property=\"og:type\" content=\"article\" \/>\n<meta property=\"og:title\" content=\"\u00c9valuations Neurocognitives | Clinic Dr Bita\" \/>\n<meta property=\"og:description\" content=\"\u00c9valuations neurocognitives approfondies pour analyser les fonctions cognitives, mieux comprendre les difficult\u00e9s et orienter un accompagnement adapt\u00e9.\" \/>\n<meta property=\"og:url\" content=\"https:\/\/www.clinicdrbita.com\/fr\/evaluations-neurocognitives\/\" \/>\n<meta property=\"og:site_name\" content=\"Clinic Dr Bita\" \/>\n<meta property=\"article:publisher\" content=\"https:\/\/www.facebook.com\/ClinicDrBita\/\" \/>\n<meta property=\"article:modified_time\" content=\"2026-01-19T20:10:28+00:00\" \/>\n<meta property=\"og:image\" content=\"https:\/\/www.clinicdrbita.com\/wp-content\/uploads\/2025\/03\/pexels-olly-3760132-scaled.jpg\" \/>\n<meta name=\"twitter:card\" content=\"summary_large_image\" \/>\n<meta name=\"twitter:site\" content=\"@ClinicDrBita\" \/>\n<meta name=\"twitter:label1\" content=\"Dur\u00e9e de lecture estim\u00e9e\" \/>\n\t<meta name=\"twitter:data1\" content=\"2 minutes\" \/>\n<script type=\"application\/ld+json\" class=\"yoast-schema-graph\">{\"@context\":\"https:\/\/schema.org\",\"@graph\":[{\"@type\":\"WebPage\",\"@id\":\"https:\/\/www.clinicdrbita.com\/fr\/evaluations-neurocognitives\/\",\"url\":\"https:\/\/www.clinicdrbita.com\/fr\/evaluations-neurocognitives\/\",\"name\":\"\u00c9valuations Neurocognitives | Clinic Dr Bita\",\"isPartOf\":{\"@id\":\"https:\/\/www.clinicdrbita.com\/#website\"},\"primaryImageOfPage\":{\"@id\":\"https:\/\/www.clinicdrbita.com\/fr\/evaluations-neurocognitives\/#primaryimage\"},\"image\":{\"@id\":\"https:\/\/www.clinicdrbita.com\/fr\/evaluations-neurocognitives\/#primaryimage\"},\"thumbnailUrl\":\"https:\/\/www.clinicdrbita.com\/wp-content\/uploads\/2025\/03\/pexels-olly-3760132-scaled.jpg\",\"datePublished\":\"2025-03-11T18:44:37+00:00\",\"dateModified\":\"2026-01-19T20:10:28+00:00\",\"description\":\"\u00c9valuations neurocognitives approfondies pour analyser les fonctions cognitives, mieux comprendre les difficult\u00e9s et orienter un accompagnement adapt\u00e9.\",\"breadcrumb\":{\"@id\":\"https:\/\/www.clinicdrbita.com\/fr\/evaluations-neurocognitives\/#breadcrumb\"},\"inLanguage\":\"fr-FR\",\"potentialAction\":[{\"@type\":\"ReadAction\",\"target\":[\"https:\/\/www.clinicdrbita.com\/fr\/evaluations-neurocognitives\/\"]}]},{\"@type\":\"ImageObject\",\"inLanguage\":\"fr-FR\",\"@id\":\"https:\/\/www.clinicdrbita.com\/fr\/evaluations-neurocognitives\/#primaryimage\",\"url\":\"https:\/\/www.clinicdrbita.com\/wp-content\/uploads\/2025\/03\/pexels-olly-3760132-scaled.jpg\",\"contentUrl\":\"https:\/\/www.clinicdrbita.com\/wp-content\/uploads\/2025\/03\/pexels-olly-3760132-scaled.jpg\"},{\"@type\":\"BreadcrumbList\",\"@id\":\"https:\/\/www.clinicdrbita.com\/fr\/evaluations-neurocognitives\/#breadcrumb\",\"itemListElement\":[{\"@type\":\"ListItem\",\"position\":1,\"name\":\"Home\",\"item\":\"https:\/\/www.clinicdrbita.com\/fr\/\"},{\"@type\":\"ListItem\",\"position\":2,\"name\":\"\u00c9valuations Neurocognitives\"}]},{\"@type\":\"WebSite\",\"@id\":\"https:\/\/www.clinicdrbita.com\/#website\",\"url\":\"https:\/\/www.clinicdrbita.com\/\",\"name\":\"Clinic Dr Bita\",\"description\":\"Compassionate and personalized mental health support\",\"publisher\":{\"@id\":\"https:\/\/www.clinicdrbita.com\/#organization\"},\"alternateName\":\"Clinic Dr Bita Psychologists\",\"potentialAction\":[{\"@type\":\"SearchAction\",\"target\":{\"@type\":\"EntryPoint\",\"urlTemplate\":\"https:\/\/www.clinicdrbita.com\/?s={search_term_string}\"},\"query-input\":{\"@type\":\"PropertyValueSpecification\",\"valueRequired\":true,\"valueName\":\"search_term_string\"}}],\"inLanguage\":\"fr-FR\"},{\"@type\":\"Organization\",\"@id\":\"https:\/\/www.clinicdrbita.com\/#organization\",\"name\":\"Clinic Dr Bita\",\"alternateName\":\"Clinic Dr Bita Psychologists\",\"url\":\"https:\/\/www.clinicdrbita.com\/\",\"logo\":{\"@type\":\"ImageObject\",\"inLanguage\":\"fr-FR\",\"@id\":\"https:\/\/www.clinicdrbita.com\/#\/schema\/logo\/image\/\",\"url\":\"https:\/\/www.clinicdrbita.com\/wp-content\/uploads\/2024\/08\/favicon.png\",\"contentUrl\":\"https:\/\/www.clinicdrbita.com\/wp-content\/uploads\/2024\/08\/favicon.png\",\"width\":100,\"height\":100,\"caption\":\"Clinic Dr Bita\"},\"image\":{\"@id\":\"https:\/\/www.clinicdrbita.com\/#\/schema\/logo\/image\/\"},\"sameAs\":[\"https:\/\/www.facebook.com\/ClinicDrBita\/\",\"https:\/\/x.com\/ClinicDrBita\"]}]}<\/script>\n<!-- \/ Yoast SEO plugin. -->","yoast_head_json":{"title":"\u00c9valuations Neurocognitives | Clinic Dr Bita","description":"\u00c9valuations neurocognitives approfondies pour analyser les fonctions cognitives, mieux comprendre les difficult\u00e9s et orienter un accompagnement adapt\u00e9.","robots":{"index":"index","follow":"follow","max-snippet":"max-snippet:-1","max-image-preview":"max-image-preview:large","max-video-preview":"max-video-preview:-1"},"canonical":"https:\/\/www.clinicdrbita.com\/fr\/evaluations-neurocognitives\/","og_locale":"fr_FR","og_type":"article","og_title":"\u00c9valuations Neurocognitives | Clinic Dr Bita","og_description":"\u00c9valuations neurocognitives approfondies pour analyser les fonctions cognitives, mieux comprendre les difficult\u00e9s et orienter un accompagnement adapt\u00e9.","og_url":"https:\/\/www.clinicdrbita.com\/fr\/evaluations-neurocognitives\/","og_site_name":"Clinic Dr Bita","article_publisher":"https:\/\/www.facebook.com\/ClinicDrBita\/","article_modified_time":"2026-01-19T20:10:28+00:00","og_image":[{"url":"https:\/\/www.clinicdrbita.com\/wp-content\/uploads\/2025\/03\/pexels-olly-3760132-scaled.jpg","type":"","width":"","height":""}],"twitter_card":"summary_large_image","twitter_site":"@ClinicDrBita","twitter_misc":{"Dur\u00e9e de lecture estim\u00e9e":"2 minutes"},"schema":{"@context":"https:\/\/schema.org","@graph":[{"@type":"WebPage","@id":"https:\/\/www.clinicdrbita.com\/fr\/evaluations-neurocognitives\/","url":"https:\/\/www.clinicdrbita.com\/fr\/evaluations-neurocognitives\/","name":"\u00c9valuations Neurocognitives | Clinic Dr Bita","isPartOf":{"@id":"https:\/\/www.clinicdrbita.com\/#website"},"primaryImageOfPage":{"@id":"https:\/\/www.clinicdrbita.com\/fr\/evaluations-neurocognitives\/#primaryimage"},"image":{"@id":"https:\/\/www.clinicdrbita.com\/fr\/evaluations-neurocognitives\/#primaryimage"},"thumbnailUrl":"https:\/\/www.clinicdrbita.com\/wp-content\/uploads\/2025\/03\/pexels-olly-3760132-scaled.jpg","datePublished":"2025-03-11T18:44:37+00:00","dateModified":"2026-01-19T20:10:28+00:00","description":"\u00c9valuations neurocognitives approfondies pour analyser les fonctions cognitives, mieux comprendre les difficult\u00e9s et orienter un accompagnement adapt\u00e9.","breadcrumb":{"@id":"https:\/\/www.clinicdrbita.com\/fr\/evaluations-neurocognitives\/#breadcrumb"},"inLanguage":"fr-FR","potentialAction":[{"@type":"ReadAction","target":["https:\/\/www.clinicdrbita.com\/fr\/evaluations-neurocognitives\/"]}]},{"@type":"ImageObject","inLanguage":"fr-FR","@id":"https:\/\/www.clinicdrbita.com\/fr\/evaluations-neurocognitives\/#primaryimage","url":"https:\/\/www.clinicdrbita.com\/wp-content\/uploads\/2025\/03\/pexels-olly-3760132-scaled.jpg","contentUrl":"https:\/\/www.clinicdrbita.com\/wp-content\/uploads\/2025\/03\/pexels-olly-3760132-scaled.jpg"},{"@type":"BreadcrumbList","@id":"https:\/\/www.clinicdrbita.com\/fr\/evaluations-neurocognitives\/#breadcrumb","itemListElement":[{"@type":"ListItem","position":1,"name":"Home","item":"https:\/\/www.clinicdrbita.com\/fr\/"},{"@type":"ListItem","position":2,"name":"\u00c9valuations Neurocognitives"}]},{"@type":"WebSite","@id":"https:\/\/www.clinicdrbita.com\/#website","url":"https:\/\/www.clinicdrbita.com\/","name":"Clinic Dr Bita","description":"Compassionate and personalized mental health support","publisher":{"@id":"https:\/\/www.clinicdrbita.com\/#organization"},"alternateName":"Clinic Dr Bita Psychologists","potentialAction":[{"@type":"SearchAction","target":{"@type":"EntryPoint","urlTemplate":"https:\/\/www.clinicdrbita.com\/?s={search_term_string}"},"query-input":{"@type":"PropertyValueSpecification","valueRequired":true,"valueName":"search_term_string"}}],"inLanguage":"fr-FR"},{"@type":"Organization","@id":"https:\/\/www.clinicdrbita.com\/#organization","name":"Clinic Dr Bita","alternateName":"Clinic Dr Bita Psychologists","url":"https:\/\/www.clinicdrbita.com\/","logo":{"@type":"ImageObject","inLanguage":"fr-FR","@id":"https:\/\/www.clinicdrbita.com\/#\/schema\/logo\/image\/","url":"https:\/\/www.clinicdrbita.com\/wp-content\/uploads\/2024\/08\/favicon.png","contentUrl":"https:\/\/www.clinicdrbita.com\/wp-content\/uploads\/2024\/08\/favicon.png","width":100,"height":100,"caption":"Clinic Dr Bita"},"image":{"@id":"https:\/\/www.clinicdrbita.com\/#\/schema\/logo\/image\/"},"sameAs":["https:\/\/www.facebook.com\/ClinicDrBita\/","https:\/\/x.com\/ClinicDrBita"]}]}},"_links":{"self":[{"href":"https:\/\/www.clinicdrbita.com\/fr\/wp-json\/wp\/v2\/pages\/3997","targetHints":{"allow":["GET"]}}],"collection":[{"href":"https:\/\/www.clinicdrbita.com\/fr\/wp-json\/wp\/v2\/pages"}],"about":[{"href":"https:\/\/www.clinicdrbita.com\/fr\/wp-json\/wp\/v2\/types\/page"}],"author":[{"embeddable":true,"href":"https:\/\/www.clinicdrbita.com\/fr\/wp-json\/wp\/v2\/users\/1"}],"replies":[{"embeddable":true,"href":"https:\/\/www.clinicdrbita.com\/fr\/wp-json\/wp\/v2\/comments?post=3997"}],"version-history":[{"count":2,"href":"https:\/\/www.clinicdrbita.com\/fr\/wp-json\/wp\/v2\/pages\/3997\/revisions"}],"predecessor-version":[{"id":4393,"href":"https:\/\/www.clinicdrbita.com\/fr\/wp-json\/wp\/v2\/pages\/3997\/revisions\/4393"}],"wp:attachment":[{"href":"https:\/\/www.clinicdrbita.com\/fr\/wp-json\/wp\/v2\/media?parent=3997"}],"curies":[{"name":"wp","href":"https:\/\/api.w.org\/{rel}","templated":true}]}}