{"id":3999,"date":"2025-03-13T14:53:43","date_gmt":"2025-03-13T18:53:43","guid":{"rendered":"https:\/\/www.clinicdrbita.com\/evaluations-neurocognitives-et-psychologiques\/"},"modified":"2026-01-19T15:09:51","modified_gmt":"2026-01-19T20:09:51","slug":"evaluations-neurocognitives-et-psychologiques","status":"publish","type":"page","link":"https:\/\/www.clinicdrbita.com\/fr\/evaluations-neurocognitives-et-psychologiques\/","title":{"rendered":"\u00c9valuations Neurocognitives et Psychologiques"},"content":{"rendered":"\t\t<div data-elementor-type=\"wp-page\" data-elementor-id=\"3999\" class=\"elementor elementor-3999 elementor-3944\" data-elementor-post-type=\"page\">\n\t\t\t\t<div class=\"elementor-element elementor-element-9449400 e-flex e-con-boxed e-con e-parent\" data-id=\"9449400\" data-element_type=\"container\" data-settings=\"{&quot;background_background&quot;:&quot;classic&quot;}\">\n\t\t\t\t\t<div class=\"e-con-inner\">\n\t\t\t\t<div class=\"elementor-element elementor-element-02d7c33 elementor-widget elementor-widget-heading\" data-id=\"02d7c33\" data-element_type=\"widget\" data-widget_type=\"heading.default\">\n\t\t\t\t<div class=\"elementor-widget-container\">\n\t\t\t\t\t<h1 class=\"elementor-heading-title elementor-size-default\">\u00c9valuations neurocognitives et psychologiques<\/h1>\t\t\t\t<\/div>\n\t\t\t\t<\/div>\n\t\t\t\t<div class=\"elementor-element elementor-element-03b79b2 elementor-widget elementor-widget-heading\" data-id=\"03b79b2\" data-element_type=\"widget\" data-widget_type=\"heading.default\">\n\t\t\t\t<div class=\"elementor-widget-container\">\n\t\t\t\t\t<h2 class=\"elementor-heading-title elementor-size-default\">\u00c9valuer les fonctions psychologiques et neurocognitives<\/h2>\t\t\t\t<\/div>\n\t\t\t\t<\/div>\n\t\t\t\t<div class=\"elementor-element elementor-element-09ec197 elementor-widget elementor-widget-text-editor\" data-id=\"09ec197\" data-element_type=\"widget\" data-widget_type=\"text-editor.default\">\n\t\t\t\t<div class=\"elementor-widget-container\">\n\t\t\t\t\t\t\t\t\t<p><span style=\"font-weight: 400;\">Pour les personnes <\/span><span style=\"font-weight: 400;\">\u00e9prouvant <\/span><span style=\"font-weight: 400;\">\u00a0\u00e0 la fois des d\u00e9fis \u00e9motionnels et cognitifs, une \u00e9valuation neurocognitive et psychologique offre une vue d\u2019ensemble de leur bien-\u00eatre. \u00c0 la Clinique Dr. Bita, nous int\u00e9grons les \u00e9valuations psychologiques et cognitives en combinant l\u2019analyse de nos psychologues et nos neuropsychologues afin de fournir une compr\u00e9hension compl\u00e8te.<\/span><\/p>\n\t\t\t\t\t\t\t\t<\/div>\n\t\t\t\t<\/div>\n\t\t\t\t<div class=\"elementor-element elementor-element-190ca86 elementor-widget elementor-widget-button\" data-id=\"190ca86\" data-element_type=\"widget\" data-widget_type=\"button.default\">\n\t\t\t\t<div class=\"elementor-widget-container\">\n\t\t\t\t\t\t\t\t\t<div class=\"elementor-button-wrapper\">\n\t\t\t\t\t<a class=\"elementor-button elementor-button-link elementor-size-sm\" href=\"https:\/\/www.clinicdrbita.com\/fr\/contactez-nous\/\">\n\t\t\t\t\t\t<span class=\"elementor-button-content-wrapper\">\n\t\t\t\t\t\t<span class=\"elementor-button-icon\">\n\t\t\t\t<svg xmlns=\"http:\/\/www.w3.org\/2000\/svg\" width=\"20\" height=\"20\" viewBox=\"0 0 20 20\" fill=\"none\"><g clip-path=\"url(#clip0_560_6202)\"><path d=\"M2.7816 5.83335C4.22247 3.34252 6.91557 1.66669 10.0001 1.66669C14.6025 1.66669 18.3334 5.39765 18.3334 10C18.3334 14.6024 14.6025 18.3334 10.0001 18.3334C6.91557 18.3334 4.22247 16.6575 2.7816 14.1667M10 13.3334L13.3334 10M13.3334 10L10 6.66669M13.3334 10H1.66669\" stroke=\"#F1F1F1\" stroke-width=\"1.66667\" stroke-linecap=\"round\" stroke-linejoin=\"round\"><\/path><\/g><defs><clipPath id=\"clip0_560_6202\"><rect width=\"20\" height=\"20\" fill=\"white\"><\/rect><\/clipPath><\/defs><\/svg>\t\t\t<\/span>\n\t\t\t\t\t\t\t\t\t<span class=\"elementor-button-text\">Contactez-nous<\/span>\n\t\t\t\t\t<\/span>\n\t\t\t\t\t<\/a>\n\t\t\t\t<\/div>\n\t\t\t\t\t\t\t\t<\/div>\n\t\t\t\t<\/div>\n\t\t\t\t\t<\/div>\n\t\t\t\t<\/div>\n\t\t<div class=\"elementor-element elementor-element-0199b2a e-flex e-con-boxed e-con e-parent\" data-id=\"0199b2a\" data-element_type=\"container\">\n\t\t\t\t\t<div class=\"e-con-inner\">\n\t\t<div class=\"elementor-element elementor-element-819c60c e-con-full e-flex e-con e-child\" data-id=\"819c60c\" data-element_type=\"container\">\n\t\t\t\t<div class=\"elementor-element elementor-element-41b0898 elementor-widget elementor-widget-heading\" data-id=\"41b0898\" data-element_type=\"widget\" data-widget_type=\"heading.default\">\n\t\t\t\t<div class=\"elementor-widget-container\">\n\t\t\t\t\t<h2 class=\"elementor-heading-title elementor-size-default\">Qui peut en b\u00e9n\u00e9ficier ?<\/h2>\t\t\t\t<\/div>\n\t\t\t\t<\/div>\n\t\t\t\t<div class=\"elementor-element elementor-element-9dc17eb elementor-widget elementor-widget-text-editor\" data-id=\"9dc17eb\" data-element_type=\"widget\" data-widget_type=\"text-editor.default\">\n\t\t\t\t<div class=\"elementor-widget-container\">\n\t\t\t\t\t\t\t\t\t<p>Cette \u00e9valuation approfondie est id\u00e9ale pour les personnes qui :<\/p>\n<ul>\n<li>Pr\u00e9sentent des troubles de sant\u00e9 mentale complexes associ\u00e9s \u00e0 des difficult\u00e9s cognitives<\/li>\n<li>Ont besoin d\u2019une \u00e9valuation compl\u00e8te de l\u2019humeur, de la personnalit\u00e9 et des fonctions cognitives<\/li>\n<li>\u00c9prouvent des difficult\u00e9s d\u2019apprentissage en parall\u00e8le avec une d\u00e9tresse \u00e9motionnelle<\/li>\n<li>Requi\u00e8rent une clart\u00e9 diagnostique compl\u00e8te pour \u00e9laborer un plan de traitement<\/li>\n<\/ul>\n\t\t\t\t\t\t\t\t<\/div>\n\t\t\t\t<\/div>\n\t\t\t\t<div class=\"elementor-element elementor-element-bd8f174 elementor-widget elementor-widget-button\" data-id=\"bd8f174\" data-element_type=\"widget\" data-widget_type=\"button.default\">\n\t\t\t\t<div class=\"elementor-widget-container\">\n\t\t\t\t\t\t\t\t\t<div class=\"elementor-button-wrapper\">\n\t\t\t\t\t<a class=\"elementor-button elementor-button-link elementor-size-sm\" href=\"https:\/\/www.clinicdrbita.com\/fr\/contactez-nous\/\">\n\t\t\t\t\t\t<span class=\"elementor-button-content-wrapper\">\n\t\t\t\t\t\t<span class=\"elementor-button-icon\">\n\t\t\t\t<svg xmlns=\"http:\/\/www.w3.org\/2000\/svg\" width=\"20\" height=\"20\" viewBox=\"0 0 20 20\" fill=\"none\"><g clip-path=\"url(#clip0_560_6202)\"><path d=\"M2.7816 5.83335C4.22247 3.34252 6.91557 1.66669 10.0001 1.66669C14.6025 1.66669 18.3334 5.39765 18.3334 10C18.3334 14.6024 14.6025 18.3334 10.0001 18.3334C6.91557 18.3334 4.22247 16.6575 2.7816 14.1667M10 13.3334L13.3334 10M13.3334 10L10 6.66669M13.3334 10H1.66669\" stroke=\"#F1F1F1\" stroke-width=\"1.66667\" stroke-linecap=\"round\" stroke-linejoin=\"round\"><\/path><\/g><defs><clipPath id=\"clip0_560_6202\"><rect width=\"20\" height=\"20\" fill=\"white\"><\/rect><\/clipPath><\/defs><\/svg>\t\t\t<\/span>\n\t\t\t\t\t\t\t\t\t<span class=\"elementor-button-text\">Prendre rendez-vous<\/span>\n\t\t\t\t\t<\/span>\n\t\t\t\t\t<\/a>\n\t\t\t\t<\/div>\n\t\t\t\t\t\t\t\t<\/div>\n\t\t\t\t<\/div>\n\t\t\t\t<\/div>\n\t\t<div class=\"elementor-element elementor-element-5c08130 e-con-full e-flex e-con e-child\" data-id=\"5c08130\" data-element_type=\"container\">\n\t\t\t\t<div class=\"elementor-element elementor-element-af9020d elementor-widget elementor-widget-image\" data-id=\"af9020d\" data-element_type=\"widget\" data-widget_type=\"image.default\">\n\t\t\t\t<div class=\"elementor-widget-container\">\n\t\t\t\t\t\t\t\t\t\t\t\t\t\t\t<img fetchpriority=\"high\" decoding=\"async\" width=\"2560\" height=\"1707\" src=\"https:\/\/www.clinicdrbita.com\/wp-content\/uploads\/2025\/03\/pexels-liza-summer-6382664-scaled.jpg\" class=\"attachment-full size-full wp-image-3954\" alt=\"\" srcset=\"https:\/\/www.clinicdrbita.com\/wp-content\/uploads\/2025\/03\/pexels-liza-summer-6382664-scaled.jpg 2560w, https:\/\/www.clinicdrbita.com\/wp-content\/uploads\/2025\/03\/pexels-liza-summer-6382664-300x200.jpg 300w, https:\/\/www.clinicdrbita.com\/wp-content\/uploads\/2025\/03\/pexels-liza-summer-6382664-1024x683.jpg 1024w, https:\/\/www.clinicdrbita.com\/wp-content\/uploads\/2025\/03\/pexels-liza-summer-6382664-768x512.jpg 768w, https:\/\/www.clinicdrbita.com\/wp-content\/uploads\/2025\/03\/pexels-liza-summer-6382664-1536x1024.jpg 1536w, https:\/\/www.clinicdrbita.com\/wp-content\/uploads\/2025\/03\/pexels-liza-summer-6382664-2048x1365.jpg 2048w\" sizes=\"(max-width: 2560px) 100vw, 2560px\" \/>\t\t\t\t\t\t\t\t\t\t\t\t\t\t\t<\/div>\n\t\t\t\t<\/div>\n\t\t\t\t<\/div>\n\t\t\t\t\t<\/div>\n\t\t\t\t<\/div>\n\t\t<div class=\"elementor-element elementor-element-5b6d522 e-flex e-con-boxed e-con e-parent\" data-id=\"5b6d522\" data-element_type=\"container\">\n\t\t\t\t\t<div class=\"e-con-inner\">\n\t\t<div class=\"elementor-element elementor-element-646e811 e-con-full e-flex e-con e-child\" data-id=\"646e811\" data-element_type=\"container\">\n\t\t\t\t<div class=\"elementor-element elementor-element-e2a669b elementor-widget elementor-widget-image\" data-id=\"e2a669b\" data-element_type=\"widget\" data-widget_type=\"image.default\">\n\t\t\t\t<div class=\"elementor-widget-container\">\n\t\t\t\t\t\t\t\t\t\t\t\t\t\t\t<img decoding=\"async\" width=\"2560\" height=\"1440\" src=\"https:\/\/www.clinicdrbita.com\/wp-content\/uploads\/2025\/03\/pexels-silverkblack-23495749-scaled.jpg\" class=\"attachment-full size-full wp-image-3956\" alt=\"\" srcset=\"https:\/\/www.clinicdrbita.com\/wp-content\/uploads\/2025\/03\/pexels-silverkblack-23495749-scaled.jpg 2560w, https:\/\/www.clinicdrbita.com\/wp-content\/uploads\/2025\/03\/pexels-silverkblack-23495749-300x169.jpg 300w, https:\/\/www.clinicdrbita.com\/wp-content\/uploads\/2025\/03\/pexels-silverkblack-23495749-1024x576.jpg 1024w, https:\/\/www.clinicdrbita.com\/wp-content\/uploads\/2025\/03\/pexels-silverkblack-23495749-768x432.jpg 768w, https:\/\/www.clinicdrbita.com\/wp-content\/uploads\/2025\/03\/pexels-silverkblack-23495749-1536x864.jpg 1536w, https:\/\/www.clinicdrbita.com\/wp-content\/uploads\/2025\/03\/pexels-silverkblack-23495749-2048x1152.jpg 2048w\" sizes=\"(max-width: 2560px) 100vw, 2560px\" \/>\t\t\t\t\t\t\t\t\t\t\t\t\t\t\t<\/div>\n\t\t\t\t<\/div>\n\t\t\t\t<\/div>\n\t\t<div class=\"elementor-element elementor-element-4cf3659 e-con-full e-flex e-con e-child\" data-id=\"4cf3659\" data-element_type=\"container\">\n\t\t\t\t<div class=\"elementor-element elementor-element-1117997 elementor-widget elementor-widget-heading\" data-id=\"1117997\" data-element_type=\"widget\" data-widget_type=\"heading.default\">\n\t\t\t\t<div class=\"elementor-widget-container\">\n\t\t\t\t\t<h2 class=\"elementor-heading-title elementor-size-default\">\u00c0 quoi faut-il s'attendre ?<\/h2>\t\t\t\t<\/div>\n\t\t\t\t<\/div>\n\t\t\t\t<div class=\"elementor-element elementor-element-5a2c6a0 elementor-widget elementor-widget-text-editor\" data-id=\"5a2c6a0\" data-element_type=\"widget\" data-widget_type=\"text-editor.default\">\n\t\t\t\t<div class=\"elementor-widget-container\">\n\t\t\t\t\t\t\t\t\t<p>Notre approche multidimensionnelle comprend :<\/p>\n<ul>\n<li>Entretien clinique approfondi : Recueil de l\u2019historique \u00e9motionnel, comportemental et cognitif.<\/li>\n<li>Double processus d\u2019\u00e9valuation : Tests psychologiques et neurocognitifs pour une \u00e9valuation compl\u00e8te.<\/li>\n<li>Rapport diagnostique d\u00e9taill\u00e9 : Rapport int\u00e9gr\u00e9 avec conclusions, interpr\u00e9tations et prochaines \u00e9tapes.<\/li>\n<li>S\u00e9ance de r\u00e9troaction personnalis\u00e9e : Discussion avec nos experts pour \u00e9laborer un plan de soins adapt\u00e9.<\/li>\n<\/ul>\n\t\t\t\t\t\t\t\t<\/div>\n\t\t\t\t<\/div>\n\t\t\t\t<div class=\"elementor-element elementor-element-0ab9228 elementor-widget elementor-widget-button\" data-id=\"0ab9228\" data-element_type=\"widget\" data-widget_type=\"button.default\">\n\t\t\t\t<div class=\"elementor-widget-container\">\n\t\t\t\t\t\t\t\t\t<div class=\"elementor-button-wrapper\">\n\t\t\t\t\t<a class=\"elementor-button elementor-button-link elementor-size-sm\" href=\"https:\/\/www.clinicdrbita.com\/fr\/contactez-nous\/\">\n\t\t\t\t\t\t<span class=\"elementor-button-content-wrapper\">\n\t\t\t\t\t\t<span class=\"elementor-button-icon\">\n\t\t\t\t<svg xmlns=\"http:\/\/www.w3.org\/2000\/svg\" width=\"20\" height=\"20\" viewBox=\"0 0 20 20\" fill=\"none\"><g clip-path=\"url(#clip0_560_6202)\"><path d=\"M2.7816 5.83335C4.22247 3.34252 6.91557 1.66669 10.0001 1.66669C14.6025 1.66669 18.3334 5.39765 18.3334 10C18.3334 14.6024 14.6025 18.3334 10.0001 18.3334C6.91557 18.3334 4.22247 16.6575 2.7816 14.1667M10 13.3334L13.3334 10M13.3334 10L10 6.66669M13.3334 10H1.66669\" stroke=\"#F1F1F1\" stroke-width=\"1.66667\" stroke-linecap=\"round\" stroke-linejoin=\"round\"><\/path><\/g><defs><clipPath id=\"clip0_560_6202\"><rect width=\"20\" height=\"20\" fill=\"white\"><\/rect><\/clipPath><\/defs><\/svg>\t\t\t<\/span>\n\t\t\t\t\t\t\t\t\t<span class=\"elementor-button-text\">Contactez-nous<\/span>\n\t\t\t\t\t<\/span>\n\t\t\t\t\t<\/a>\n\t\t\t\t<\/div>\n\t\t\t\t\t\t\t\t<\/div>\n\t\t\t\t<\/div>\n\t\t\t\t<\/div>\n\t\t\t\t\t<\/div>\n\t\t\t\t<\/div>\n\t\t<div class=\"elementor-element elementor-element-4dfb2d7 e-flex e-con-boxed e-con e-parent\" data-id=\"4dfb2d7\" data-element_type=\"container\">\n\t\t\t\t\t<div class=\"e-con-inner\">\n\t\t\t\t<div class=\"elementor-element elementor-element-d216184 elementor-widget elementor-widget-heading\" data-id=\"d216184\" data-element_type=\"widget\" data-widget_type=\"heading.default\">\n\t\t\t\t<div class=\"elementor-widget-container\">\n\t\t\t\t\t<h2 class=\"elementor-heading-title elementor-size-default\">Passez \u00e0 l\u2019\u00e9tape suivante<\/h2>\t\t\t\t<\/div>\n\t\t\t\t<\/div>\n\t\t\t\t<div class=\"elementor-element elementor-element-1f91051 elementor-widget elementor-widget-text-editor\" data-id=\"1f91051\" data-element_type=\"widget\" data-widget_type=\"text-editor.default\">\n\t\t\t\t<div class=\"elementor-widget-container\">\n\t\t\t\t\t\t\t\t\t<p><span style=\"font-weight: 400;\">Si vous recherchez une \u00e9valuation compl\u00e8te de votre bien-\u00eatre psychologique et cognitif, contactez-nous d\u00e8s aujourd\u2019hui pour planifier un appel d\u2019information !<\/span><\/p>\n\t\t\t\t\t\t\t\t<\/div>\n\t\t\t\t<\/div>\n\t\t\t\t<div class=\"elementor-element elementor-element-dc03adb elementor-widget elementor-widget-button\" data-id=\"dc03adb\" data-element_type=\"widget\" data-widget_type=\"button.default\">\n\t\t\t\t<div class=\"elementor-widget-container\">\n\t\t\t\t\t\t\t\t\t<div class=\"elementor-button-wrapper\">\n\t\t\t\t\t<a class=\"elementor-button elementor-button-link elementor-size-sm\" href=\"https:\/\/www.clinicdrbita.com\/fr\/contactez-nous\/\">\n\t\t\t\t\t\t<span class=\"elementor-button-content-wrapper\">\n\t\t\t\t\t\t<span class=\"elementor-button-icon\">\n\t\t\t\t<svg xmlns=\"http:\/\/www.w3.org\/2000\/svg\" width=\"20\" height=\"20\" viewBox=\"0 0 20 20\" fill=\"none\"><g clip-path=\"url(#clip0_560_6202)\"><path d=\"M2.7816 5.83335C4.22247 3.34252 6.91557 1.66669 10.0001 1.66669C14.6025 1.66669 18.3334 5.39765 18.3334 10C18.3334 14.6024 14.6025 18.3334 10.0001 18.3334C6.91557 18.3334 4.22247 16.6575 2.7816 14.1667M10 13.3334L13.3334 10M13.3334 10L10 6.66669M13.3334 10H1.66669\" stroke=\"#F1F1F1\" stroke-width=\"1.66667\" stroke-linecap=\"round\" stroke-linejoin=\"round\"><\/path><\/g><defs><clipPath id=\"clip0_560_6202\"><rect width=\"20\" height=\"20\" fill=\"white\"><\/rect><\/clipPath><\/defs><\/svg>\t\t\t<\/span>\n\t\t\t\t\t\t\t\t\t<span class=\"elementor-button-text\">Prenez rendez-vous pour votre \u00e9valuation<\/span>\n\t\t\t\t\t<\/span>\n\t\t\t\t\t<\/a>\n\t\t\t\t<\/div>\n\t\t\t\t\t\t\t\t<\/div>\n\t\t\t\t<\/div>\n\t\t\t\t\t<\/div>\n\t\t\t\t<\/div>\n\t\t\t\t<\/div>\n\t\t","protected":false},"excerpt":{"rendered":"<p>\u00c9valuations neurocognitives et psychologiques \u00c9valuer les fonctions psychologiques et neurocognitives Pour les personnes \u00e9prouvant \u00a0\u00e0 la fois des d\u00e9fis \u00e9motionnels et cognitifs, une \u00e9valuation neurocognitive et psychologique offre une vue d\u2019ensemble de leur bien-\u00eatre. \u00c0 la Clinique Dr. Bita, nous int\u00e9grons les \u00e9valuations psychologiques et cognitives en combinant l\u2019analyse de nos psychologues et nos neuropsychologues&#8230;<\/p>\n","protected":false},"author":1,"featured_media":0,"parent":0,"menu_order":5,"comment_status":"closed","ping_status":"closed","template":"","meta":{"_acf_changed":false,"footnotes":""},"class_list":["post-3999","page","type-page","status-publish","hentry"],"acf":[],"yoast_head":"<!-- This site is optimized with the Yoast SEO plugin v25.0 - https:\/\/yoast.com\/wordpress\/plugins\/seo\/ -->\n<title>\u00c9valuations Neurocognitives et Psychologiques | Clinic Dr Bita<\/title>\n<meta name=\"description\" content=\"\u00c9valuations neurocognitives et psychologiques compl\u00e8tes pour mieux comprendre le fonctionnement cognitif, \u00e9motionnel et soutenir un diagnostic pr\u00e9cis.\" \/>\n<meta name=\"robots\" content=\"index, follow, max-snippet:-1, max-image-preview:large, max-video-preview:-1\" \/>\n<link rel=\"canonical\" href=\"https:\/\/www.clinicdrbita.com\/fr\/evaluations-neurocognitives-et-psychologiques\/\" \/>\n<meta property=\"og:locale\" content=\"fr_FR\" \/>\n<meta property=\"og:type\" content=\"article\" \/>\n<meta property=\"og:title\" content=\"\u00c9valuations Neurocognitives et Psychologiques | Clinic Dr Bita\" \/>\n<meta property=\"og:description\" content=\"\u00c9valuations neurocognitives et psychologiques compl\u00e8tes pour mieux comprendre le fonctionnement cognitif, \u00e9motionnel et soutenir un diagnostic pr\u00e9cis.\" \/>\n<meta property=\"og:url\" content=\"https:\/\/www.clinicdrbita.com\/fr\/evaluations-neurocognitives-et-psychologiques\/\" \/>\n<meta property=\"og:site_name\" content=\"Clinic Dr Bita\" \/>\n<meta property=\"article:publisher\" content=\"https:\/\/www.facebook.com\/ClinicDrBita\/\" \/>\n<meta property=\"article:modified_time\" content=\"2026-01-19T20:09:51+00:00\" \/>\n<meta property=\"og:image\" content=\"https:\/\/www.clinicdrbita.com\/wp-content\/uploads\/2025\/03\/pexels-liza-summer-6382664-scaled.jpg\" \/>\n<meta name=\"twitter:card\" content=\"summary_large_image\" \/>\n<meta name=\"twitter:site\" content=\"@ClinicDrBita\" \/>\n<meta name=\"twitter:label1\" content=\"Dur\u00e9e de lecture estim\u00e9e\" \/>\n\t<meta name=\"twitter:data1\" content=\"2 minutes\" \/>\n<script type=\"application\/ld+json\" class=\"yoast-schema-graph\">{\"@context\":\"https:\/\/schema.org\",\"@graph\":[{\"@type\":\"WebPage\",\"@id\":\"https:\/\/www.clinicdrbita.com\/fr\/evaluations-neurocognitives-et-psychologiques\/\",\"url\":\"https:\/\/www.clinicdrbita.com\/fr\/evaluations-neurocognitives-et-psychologiques\/\",\"name\":\"\u00c9valuations Neurocognitives et Psychologiques | Clinic Dr Bita\",\"isPartOf\":{\"@id\":\"https:\/\/www.clinicdrbita.com\/#website\"},\"primaryImageOfPage\":{\"@id\":\"https:\/\/www.clinicdrbita.com\/fr\/evaluations-neurocognitives-et-psychologiques\/#primaryimage\"},\"image\":{\"@id\":\"https:\/\/www.clinicdrbita.com\/fr\/evaluations-neurocognitives-et-psychologiques\/#primaryimage\"},\"thumbnailUrl\":\"https:\/\/www.clinicdrbita.com\/wp-content\/uploads\/2025\/03\/pexels-liza-summer-6382664-scaled.jpg\",\"datePublished\":\"2025-03-13T18:53:43+00:00\",\"dateModified\":\"2026-01-19T20:09:51+00:00\",\"description\":\"\u00c9valuations neurocognitives et psychologiques compl\u00e8tes pour mieux comprendre le fonctionnement cognitif, \u00e9motionnel et soutenir un diagnostic pr\u00e9cis.\",\"breadcrumb\":{\"@id\":\"https:\/\/www.clinicdrbita.com\/fr\/evaluations-neurocognitives-et-psychologiques\/#breadcrumb\"},\"inLanguage\":\"fr-FR\",\"potentialAction\":[{\"@type\":\"ReadAction\",\"target\":[\"https:\/\/www.clinicdrbita.com\/fr\/evaluations-neurocognitives-et-psychologiques\/\"]}]},{\"@type\":\"ImageObject\",\"inLanguage\":\"fr-FR\",\"@id\":\"https:\/\/www.clinicdrbita.com\/fr\/evaluations-neurocognitives-et-psychologiques\/#primaryimage\",\"url\":\"https:\/\/www.clinicdrbita.com\/wp-content\/uploads\/2025\/03\/pexels-liza-summer-6382664-scaled.jpg\",\"contentUrl\":\"https:\/\/www.clinicdrbita.com\/wp-content\/uploads\/2025\/03\/pexels-liza-summer-6382664-scaled.jpg\"},{\"@type\":\"BreadcrumbList\",\"@id\":\"https:\/\/www.clinicdrbita.com\/fr\/evaluations-neurocognitives-et-psychologiques\/#breadcrumb\",\"itemListElement\":[{\"@type\":\"ListItem\",\"position\":1,\"name\":\"Home\",\"item\":\"https:\/\/www.clinicdrbita.com\/fr\/\"},{\"@type\":\"ListItem\",\"position\":2,\"name\":\"\u00c9valuations Neurocognitives et Psychologiques\"}]},{\"@type\":\"WebSite\",\"@id\":\"https:\/\/www.clinicdrbita.com\/#website\",\"url\":\"https:\/\/www.clinicdrbita.com\/\",\"name\":\"Clinic Dr Bita\",\"description\":\"Compassionate and personalized mental health support\",\"publisher\":{\"@id\":\"https:\/\/www.clinicdrbita.com\/#organization\"},\"alternateName\":\"Clinic Dr Bita Psychologists\",\"potentialAction\":[{\"@type\":\"SearchAction\",\"target\":{\"@type\":\"EntryPoint\",\"urlTemplate\":\"https:\/\/www.clinicdrbita.com\/?s={search_term_string}\"},\"query-input\":{\"@type\":\"PropertyValueSpecification\",\"valueRequired\":true,\"valueName\":\"search_term_string\"}}],\"inLanguage\":\"fr-FR\"},{\"@type\":\"Organization\",\"@id\":\"https:\/\/www.clinicdrbita.com\/#organization\",\"name\":\"Clinic Dr Bita\",\"alternateName\":\"Clinic Dr Bita Psychologists\",\"url\":\"https:\/\/www.clinicdrbita.com\/\",\"logo\":{\"@type\":\"ImageObject\",\"inLanguage\":\"fr-FR\",\"@id\":\"https:\/\/www.clinicdrbita.com\/#\/schema\/logo\/image\/\",\"url\":\"https:\/\/www.clinicdrbita.com\/wp-content\/uploads\/2024\/08\/favicon.png\",\"contentUrl\":\"https:\/\/www.clinicdrbita.com\/wp-content\/uploads\/2024\/08\/favicon.png\",\"width\":100,\"height\":100,\"caption\":\"Clinic Dr Bita\"},\"image\":{\"@id\":\"https:\/\/www.clinicdrbita.com\/#\/schema\/logo\/image\/\"},\"sameAs\":[\"https:\/\/www.facebook.com\/ClinicDrBita\/\",\"https:\/\/x.com\/ClinicDrBita\"]}]}<\/script>\n<!-- \/ Yoast SEO plugin. -->","yoast_head_json":{"title":"\u00c9valuations Neurocognitives et Psychologiques | Clinic Dr Bita","description":"\u00c9valuations neurocognitives et psychologiques compl\u00e8tes pour mieux comprendre le fonctionnement cognitif, \u00e9motionnel et soutenir un diagnostic pr\u00e9cis.","robots":{"index":"index","follow":"follow","max-snippet":"max-snippet:-1","max-image-preview":"max-image-preview:large","max-video-preview":"max-video-preview:-1"},"canonical":"https:\/\/www.clinicdrbita.com\/fr\/evaluations-neurocognitives-et-psychologiques\/","og_locale":"fr_FR","og_type":"article","og_title":"\u00c9valuations Neurocognitives et Psychologiques | Clinic Dr Bita","og_description":"\u00c9valuations neurocognitives et psychologiques compl\u00e8tes pour mieux comprendre le fonctionnement cognitif, \u00e9motionnel et soutenir un diagnostic pr\u00e9cis.","og_url":"https:\/\/www.clinicdrbita.com\/fr\/evaluations-neurocognitives-et-psychologiques\/","og_site_name":"Clinic Dr Bita","article_publisher":"https:\/\/www.facebook.com\/ClinicDrBita\/","article_modified_time":"2026-01-19T20:09:51+00:00","og_image":[{"url":"https:\/\/www.clinicdrbita.com\/wp-content\/uploads\/2025\/03\/pexels-liza-summer-6382664-scaled.jpg","type":"","width":"","height":""}],"twitter_card":"summary_large_image","twitter_site":"@ClinicDrBita","twitter_misc":{"Dur\u00e9e de lecture estim\u00e9e":"2 minutes"},"schema":{"@context":"https:\/\/schema.org","@graph":[{"@type":"WebPage","@id":"https:\/\/www.clinicdrbita.com\/fr\/evaluations-neurocognitives-et-psychologiques\/","url":"https:\/\/www.clinicdrbita.com\/fr\/evaluations-neurocognitives-et-psychologiques\/","name":"\u00c9valuations Neurocognitives et Psychologiques | Clinic Dr Bita","isPartOf":{"@id":"https:\/\/www.clinicdrbita.com\/#website"},"primaryImageOfPage":{"@id":"https:\/\/www.clinicdrbita.com\/fr\/evaluations-neurocognitives-et-psychologiques\/#primaryimage"},"image":{"@id":"https:\/\/www.clinicdrbita.com\/fr\/evaluations-neurocognitives-et-psychologiques\/#primaryimage"},"thumbnailUrl":"https:\/\/www.clinicdrbita.com\/wp-content\/uploads\/2025\/03\/pexels-liza-summer-6382664-scaled.jpg","datePublished":"2025-03-13T18:53:43+00:00","dateModified":"2026-01-19T20:09:51+00:00","description":"\u00c9valuations neurocognitives et psychologiques compl\u00e8tes pour mieux comprendre le fonctionnement cognitif, \u00e9motionnel et soutenir un diagnostic pr\u00e9cis.","breadcrumb":{"@id":"https:\/\/www.clinicdrbita.com\/fr\/evaluations-neurocognitives-et-psychologiques\/#breadcrumb"},"inLanguage":"fr-FR","potentialAction":[{"@type":"ReadAction","target":["https:\/\/www.clinicdrbita.com\/fr\/evaluations-neurocognitives-et-psychologiques\/"]}]},{"@type":"ImageObject","inLanguage":"fr-FR","@id":"https:\/\/www.clinicdrbita.com\/fr\/evaluations-neurocognitives-et-psychologiques\/#primaryimage","url":"https:\/\/www.clinicdrbita.com\/wp-content\/uploads\/2025\/03\/pexels-liza-summer-6382664-scaled.jpg","contentUrl":"https:\/\/www.clinicdrbita.com\/wp-content\/uploads\/2025\/03\/pexels-liza-summer-6382664-scaled.jpg"},{"@type":"BreadcrumbList","@id":"https:\/\/www.clinicdrbita.com\/fr\/evaluations-neurocognitives-et-psychologiques\/#breadcrumb","itemListElement":[{"@type":"ListItem","position":1,"name":"Home","item":"https:\/\/www.clinicdrbita.com\/fr\/"},{"@type":"ListItem","position":2,"name":"\u00c9valuations Neurocognitives et Psychologiques"}]},{"@type":"WebSite","@id":"https:\/\/www.clinicdrbita.com\/#website","url":"https:\/\/www.clinicdrbita.com\/","name":"Clinic Dr Bita","description":"Compassionate and personalized mental health support","publisher":{"@id":"https:\/\/www.clinicdrbita.com\/#organization"},"alternateName":"Clinic Dr Bita Psychologists","potentialAction":[{"@type":"SearchAction","target":{"@type":"EntryPoint","urlTemplate":"https:\/\/www.clinicdrbita.com\/?s={search_term_string}"},"query-input":{"@type":"PropertyValueSpecification","valueRequired":true,"valueName":"search_term_string"}}],"inLanguage":"fr-FR"},{"@type":"Organization","@id":"https:\/\/www.clinicdrbita.com\/#organization","name":"Clinic Dr Bita","alternateName":"Clinic Dr Bita Psychologists","url":"https:\/\/www.clinicdrbita.com\/","logo":{"@type":"ImageObject","inLanguage":"fr-FR","@id":"https:\/\/www.clinicdrbita.com\/#\/schema\/logo\/image\/","url":"https:\/\/www.clinicdrbita.com\/wp-content\/uploads\/2024\/08\/favicon.png","contentUrl":"https:\/\/www.clinicdrbita.com\/wp-content\/uploads\/2024\/08\/favicon.png","width":100,"height":100,"caption":"Clinic Dr Bita"},"image":{"@id":"https:\/\/www.clinicdrbita.com\/#\/schema\/logo\/image\/"},"sameAs":["https:\/\/www.facebook.com\/ClinicDrBita\/","https:\/\/x.com\/ClinicDrBita"]}]}},"_links":{"self":[{"href":"https:\/\/www.clinicdrbita.com\/fr\/wp-json\/wp\/v2\/pages\/3999","targetHints":{"allow":["GET"]}}],"collection":[{"href":"https:\/\/www.clinicdrbita.com\/fr\/wp-json\/wp\/v2\/pages"}],"about":[{"href":"https:\/\/www.clinicdrbita.com\/fr\/wp-json\/wp\/v2\/types\/page"}],"author":[{"embeddable":true,"href":"https:\/\/www.clinicdrbita.com\/fr\/wp-json\/wp\/v2\/users\/1"}],"replies":[{"embeddable":true,"href":"https:\/\/www.clinicdrbita.com\/fr\/wp-json\/wp\/v2\/comments?post=3999"}],"version-history":[{"count":2,"href":"https:\/\/www.clinicdrbita.com\/fr\/wp-json\/wp\/v2\/pages\/3999\/revisions"}],"predecessor-version":[{"id":4392,"href":"https:\/\/www.clinicdrbita.com\/fr\/wp-json\/wp\/v2\/pages\/3999\/revisions\/4392"}],"wp:attachment":[{"href":"https:\/\/www.clinicdrbita.com\/fr\/wp-json\/wp\/v2\/media?parent=3999"}],"curies":[{"name":"wp","href":"https:\/\/api.w.org\/{rel}","templated":true}]}}